{"id":9819,"date":"2023-11-11T08:39:20","date_gmt":"2023-11-11T08:39:20","guid":{"rendered":"https:\/\/st-tropezvillas.fr\/a-tahiti\/"},"modified":"2023-11-11T08:48:34","modified_gmt":"2023-11-11T08:48:34","slug":"a-tahiti","status":"publish","type":"page","link":"https:\/\/st-tropezvillas.fr\/fr\/a-tahiti\/","title":{"rendered":"\u00c0 Tahiti"},"content":{"rendered":"\t\t<div data-elementor-type=\"wp-page\" data-elementor-id=\"9819\" class=\"elementor elementor-9819\" data-elementor-post-type=\"page\">\n\t\t\t\t\t\t<section class=\"elementor-section elementor-top-section elementor-element elementor-element-7775676 elementor-section-height-min-height elementor-section-boxed elementor-section-height-default elementor-section-items-middle\" data-id=\"7775676\" data-element_type=\"section\" data-e-type=\"section\" data-settings=\"{&quot;background_background&quot;:&quot;classic&quot;}\">\n\t\t\t\t\t\t<div class=\"elementor-container elementor-column-gap-default\">\n\t\t\t\t\t<div class=\"elementor-column elementor-col-100 elementor-top-column elementor-element elementor-element-9cb90af\" data-id=\"9cb90af\" data-element_type=\"column\" data-e-type=\"column\">\n\t\t\t<div class=\"elementor-widget-wrap elementor-element-populated\">\n\t\t\t\t\t\t<div class=\"elementor-element elementor-element-bc06590 elementor-widget elementor-widget-heading\" data-id=\"bc06590\" data-element_type=\"widget\" data-e-type=\"widget\" data-widget_type=\"heading.default\">\n\t\t\t\t<div class=\"elementor-widget-container\">\n\t\t\t\t\t<h2 class=\"elementor-heading-title elementor-size-default\">Locations \u00e0 Tahiti<\/h2>\t\t\t\t<\/div>\n\t\t\t\t<\/div>\n\t\t\t\t\t<\/div>\n\t\t<\/div>\n\t\t\t\t\t<\/div>\n\t\t<\/section>\n\t\t\t\t<section class=\"elementor-section elementor-top-section elementor-element elementor-element-9da68ef elementor-section-boxed elementor-section-height-default elementor-section-height-default\" data-id=\"9da68ef\" data-element_type=\"section\" data-e-type=\"section\">\n\t\t\t\t\t\t<div class=\"elementor-container elementor-column-gap-default\">\n\t\t\t\t\t<div class=\"elementor-column elementor-col-100 elementor-top-column elementor-element elementor-element-6726422\" data-id=\"6726422\" data-element_type=\"column\" data-e-type=\"column\">\n\t\t\t<div class=\"elementor-widget-wrap elementor-element-populated\">\n\t\t\t\t\t\t<div class=\"elementor-element elementor-element-61f4c80 elementor-widget elementor-widget-heading\" data-id=\"61f4c80\" data-element_type=\"widget\" data-e-type=\"widget\" data-widget_type=\"heading.default\">\n\t\t\t\t<div class=\"elementor-widget-container\">\n\t\t\t\t\t<h1 class=\"elementor-heading-title elementor-size-default\">Location de villa de luxe \u00e0 Tahiti St Tropez<\/h1>\t\t\t\t<\/div>\n\t\t\t\t<\/div>\n\t\t\t\t<div class=\"elementor-element elementor-element-f341bd7 elementor-widget elementor-widget-text-editor\" data-id=\"f341bd7\" data-element_type=\"widget\" data-e-type=\"widget\" data-widget_type=\"text-editor.default\">\n\t\t\t\t<div class=\"elementor-widget-container\">\n\t\t\t\t\t\t\t\t\t<p>Nich\u00e9e dans la prestigieuse communaut\u00e9 ferm\u00e9e des Parcs de St Tropez sur la C\u00f4te d&rsquo;Azur, notre collection de villas de luxe \u00e0 louer incarne l&rsquo;\u00e9l\u00e9gance et l&rsquo;exclusivit\u00e9. Chaque r\u00e9sidence m\u00e9ticuleusement con\u00e7ue pr\u00e9sente des caract\u00e9ristiques architecturales raffin\u00e9es, associ\u00e9es \u00e0 des \u00e9quipements de pointe et \u00e0 des int\u00e9rieurs sur mesure. Avec des vues panoramiques sur la mer, des piscines priv\u00e9es \u00e0 d\u00e9bordement et des jardins bien entretenus, les villas offrent un havre de s\u00e9r\u00e9nit\u00e9 et de confort in\u00e9gal\u00e9. Leur emplacement strat\u00e9gique garantit la proximit\u00e9 des plages renomm\u00e9es de Saint-Tropez, des restaurants gastronomiques et des boutiques haut de gamme. Notre service de conciergerie d\u00e9di\u00e9 garantit une attention personnalis\u00e9e \u00e0 chaque d\u00e9tail, offrant aux clients exigeants une exp\u00e9rience de vacances extraordinaire et sophistiqu\u00e9e qui r\u00e9pond \u00e0 toutes les attentes du luxe moderne.<\/p>\n\t\t\t\t\t\t\t\t<\/div>\n\t\t\t\t<\/div>\n\t\t\t\t\t<\/div>\n\t\t<\/div>\n\t\t\t\t\t<\/div>\n\t\t<\/section>\n\t\t\t\t<section class=\"elementor-section elementor-top-section elementor-element elementor-element-70decb7 elementor-section-boxed elementor-section-height-default elementor-section-height-default\" data-id=\"70decb7\" data-element_type=\"section\" data-e-type=\"section\">\n\t\t\t\t\t\t<div class=\"elementor-container elementor-column-gap-default\">\n\t\t\t\t\t<div class=\"elementor-column elementor-col-100 elementor-top-column elementor-element elementor-element-8a6d6c1\" data-id=\"8a6d6c1\" data-element_type=\"column\" data-e-type=\"column\">\n\t\t\t<div class=\"elementor-widget-wrap elementor-element-populated\">\n\t\t\t\t\t\t<div class=\"elementor-element elementor-element-f5b93a2 elementor-widget elementor-widget-heading\" data-id=\"f5b93a2\" data-element_type=\"widget\" data-e-type=\"widget\" data-widget_type=\"heading.default\">\n\t\t\t\t<div class=\"elementor-widget-container\">\n\t\t\t\t\t<h3 class=\"elementor-heading-title elementor-size-default\">Les villas \u00e0 louer \u00e0 Tahiti St Tropez<\/h3>\t\t\t\t<\/div>\n\t\t\t\t<\/div>\n\t\t\t\t<div class=\"elementor-element elementor-element-1341b27 elementor-widget elementor-widget-text-editor\" data-id=\"1341b27\" data-element_type=\"widget\" data-e-type=\"widget\" data-widget_type=\"text-editor.default\">\n\t\t\t\t<div class=\"elementor-widget-container\">\n\t\t\t\t\t\t\t\t\t<p>Parcourez notre s\u00e9lection des meilleures villas de luxe \u00e0 St Tropez \u00e0 Tahit :<\/p>\n\t\t\t\t\t\t\t\t<\/div>\n\t\t\t\t<\/div>\n\t\t\t\t<div class=\"elementor-element elementor-element-99103da elementor-posts--align-center elementor-grid-3 elementor-grid-tablet-2 elementor-grid-mobile-1 elementor-posts--thumbnail-top elementor-card-shadow-yes elementor-posts__hover-gradient elementor-widget elementor-widget-posts\" data-id=\"99103da\" data-element_type=\"widget\" data-e-type=\"widget\" data-settings=\"{&quot;cards_masonry&quot;:&quot;yes&quot;,&quot;cards_columns&quot;:&quot;3&quot;,&quot;cards_columns_tablet&quot;:&quot;2&quot;,&quot;cards_columns_mobile&quot;:&quot;1&quot;,&quot;cards_row_gap&quot;:{&quot;unit&quot;:&quot;px&quot;,&quot;size&quot;:35,&quot;sizes&quot;:[]},&quot;cards_row_gap_tablet&quot;:{&quot;unit&quot;:&quot;px&quot;,&quot;size&quot;:&quot;&quot;,&quot;sizes&quot;:[]},&quot;cards_row_gap_mobile&quot;:{&quot;unit&quot;:&quot;px&quot;,&quot;size&quot;:&quot;&quot;,&quot;sizes&quot;:[]}}\" data-widget_type=\"posts.cards\">\n\t\t\t\t<div class=\"elementor-widget-container\">\n\t\t\t\t\t\t\t<div class=\"elementor-posts-container elementor-posts elementor-posts--skin-cards elementor-grid\" role=\"list\">\n\t\t\t\t<article class=\"elementor-post elementor-grid-item post-9511 villas type-villas status-publish has-post-thumbnail hentry tag-luxe location-tahiti amenities-cinema amenities-game-room amenities-garage amenities-gym amenities-helipad amenities-pool amenities-sauna amenities-sea-view amenities-spa amenities-staff entry\" role=\"listitem\">\n\t\t\t<div class=\"elementor-post__card\">\n\t\t\t\t<a class=\"elementor-post__thumbnail__link\" href=\"https:\/\/st-tropezvillas.fr\/fr\/rentals\/villa-agave\/\" tabindex=\"-1\" ><div class=\"elementor-post__thumbnail\"><img fetchpriority=\"high\" decoding=\"async\" width=\"750\" height=\"499\" src=\"https:\/\/st-tropezvillas.fr\/wp-content\/uploads\/2022\/07\/Villla-Agave-2-e1657873061459-768x511.jpg\" class=\"attachment-medium_large size-medium_large wp-image-6759\" alt=\"\" srcset=\"https:\/\/st-tropezvillas.fr\/wp-content\/uploads\/2022\/07\/Villla-Agave-2-e1657873061459-768x511.jpg 768w, https:\/\/st-tropezvillas.fr\/wp-content\/uploads\/2022\/07\/Villla-Agave-2-e1657873061459-300x200.jpg 300w, https:\/\/st-tropezvillas.fr\/wp-content\/uploads\/2022\/07\/Villla-Agave-2-e1657873061459-1024x682.jpg 1024w, https:\/\/st-tropezvillas.fr\/wp-content\/uploads\/2022\/07\/Villla-Agave-2-e1657873061459-1536x1023.jpg 1536w, https:\/\/st-tropezvillas.fr\/wp-content\/uploads\/2022\/07\/Villla-Agave-2-e1657873061459-1568x1044.jpg 1568w, https:\/\/st-tropezvillas.fr\/wp-content\/uploads\/2022\/07\/Villla-Agave-2-e1657873061459.jpg 1730w\" sizes=\"(max-width: 750px) 100vw, 750px\" style=\"width:100%;height:66.59%;max-width:1730px;\" \/><\/div><\/a>\n\t\t\t\t<div class=\"elementor-post__text\">\n\t\t\t\t<h3 class=\"elementor-post__title\">\n\t\t\t<a href=\"https:\/\/st-tropezvillas.fr\/fr\/rentals\/villa-agave\/\" >\n\t\t\t\tVilla Agave\t\t\t<\/a>\n\t\t<\/h3>\n\t\t\t\t<div class=\"elementor-post__excerpt\">\n\t\t\t<p>710m\u00b2 &#8211; 9 Chambres &#8211; \u20ac150,000<\/p>\n\t\t<\/div>\n\t\t\t\t<\/div>\n\t\t\t\t\t<\/div>\n\t\t<\/article>\n\t\t\t\t<article class=\"elementor-post elementor-grid-item post-9458 villas type-villas status-publish has-post-thumbnail hentry tag-luxe location-tahiti amenities-cinema amenities-garage amenities-gym amenities-pool amenities-staff bedrooms-8-bedrooms entry\" role=\"listitem\">\n\t\t\t<div class=\"elementor-post__card\">\n\t\t\t\t<a class=\"elementor-post__thumbnail__link\" href=\"https:\/\/st-tropezvillas.fr\/fr\/rentals\/villa-anahita\/\" tabindex=\"-1\" ><div class=\"elementor-post__thumbnail\"><img decoding=\"async\" width=\"750\" height=\"500\" src=\"https:\/\/st-tropezvillas.fr\/wp-content\/uploads\/2022\/07\/Villa-Ania-5-768x512.jpg\" class=\"attachment-medium_large size-medium_large wp-image-6141\" alt=\"\" srcset=\"https:\/\/st-tropezvillas.fr\/wp-content\/uploads\/2022\/07\/Villa-Ania-5-768x512.jpg 768w, https:\/\/st-tropezvillas.fr\/wp-content\/uploads\/2022\/07\/Villa-Ania-5-300x200.jpg 300w, https:\/\/st-tropezvillas.fr\/wp-content\/uploads\/2022\/07\/Villa-Ania-5-1024x683.jpg 1024w, https:\/\/st-tropezvillas.fr\/wp-content\/uploads\/2022\/07\/Villa-Ania-5-1536x1025.jpg 1536w, https:\/\/st-tropezvillas.fr\/wp-content\/uploads\/2022\/07\/Villa-Ania-5-1568x1046.jpg 1568w, https:\/\/st-tropezvillas.fr\/wp-content\/uploads\/2022\/07\/Villa-Ania-5.jpg 2000w\" sizes=\"(max-width: 750px) 100vw, 750px\" style=\"width:100%;height:66.7%;max-width:2000px;\" \/><\/div><\/a>\n\t\t\t\t<div class=\"elementor-post__text\">\n\t\t\t\t<h3 class=\"elementor-post__title\">\n\t\t\t<a href=\"https:\/\/st-tropezvillas.fr\/fr\/rentals\/villa-anahita\/\" >\n\t\t\t\tVilla Anahita\t\t\t<\/a>\n\t\t<\/h3>\n\t\t\t\t<div class=\"elementor-post__excerpt\">\n\t\t\t<p>750m\u00b2 &#8211; 8 Chambres &#8211; \u20ac90,000<\/p>\n\t\t<\/div>\n\t\t\t\t<\/div>\n\t\t\t\t\t<\/div>\n\t\t<\/article>\n\t\t\t\t<article class=\"elementor-post elementor-grid-item post-9426 villas type-villas status-publish has-post-thumbnail hentry tag-luxe location-tahiti amenities-garage amenities-gym amenities-pool amenities-sauna amenities-sea-view amenities-spa amenities-staff entry\" role=\"listitem\">\n\t\t\t<div class=\"elementor-post__card\">\n\t\t\t\t<a class=\"elementor-post__thumbnail__link\" href=\"https:\/\/st-tropezvillas.fr\/fr\/rentals\/villa-lana\/\" tabindex=\"-1\" ><div class=\"elementor-post__thumbnail\"><img decoding=\"async\" width=\"750\" height=\"500\" src=\"https:\/\/st-tropezvillas.fr\/wp-content\/uploads\/2022\/07\/Villa-Lana-14-768x512.jpeg\" class=\"attachment-medium_large size-medium_large wp-image-5991\" alt=\"\" srcset=\"https:\/\/st-tropezvillas.fr\/wp-content\/uploads\/2022\/07\/Villa-Lana-14-768x512.jpeg 768w, https:\/\/st-tropezvillas.fr\/wp-content\/uploads\/2022\/07\/Villa-Lana-14-300x200.jpeg 300w, https:\/\/st-tropezvillas.fr\/wp-content\/uploads\/2022\/07\/Villa-Lana-14-1024x683.jpeg 1024w, https:\/\/st-tropezvillas.fr\/wp-content\/uploads\/2022\/07\/Villa-Lana-14-1536x1025.jpeg 1536w, https:\/\/st-tropezvillas.fr\/wp-content\/uploads\/2022\/07\/Villa-Lana-14-1568x1046.jpeg 1568w, https:\/\/st-tropezvillas.fr\/wp-content\/uploads\/2022\/07\/Villa-Lana-14.jpeg 1770w\" sizes=\"(max-width: 750px) 100vw, 750px\" style=\"width:100%;height:66.72%;max-width:1770px;\" \/><\/div><\/a>\n\t\t\t\t<div class=\"elementor-post__text\">\n\t\t\t\t<h3 class=\"elementor-post__title\">\n\t\t\t<a href=\"https:\/\/st-tropezvillas.fr\/fr\/rentals\/villa-lana\/\" >\n\t\t\t\tVilla Lana\t\t\t<\/a>\n\t\t<\/h3>\n\t\t\t\t<div class=\"elementor-post__excerpt\">\n\t\t\t<p>700m\u00b2 &#8211; 6 Chambres &#8211; POA<\/p>\n\t\t<\/div>\n\t\t\t\t<\/div>\n\t\t\t\t\t<\/div>\n\t\t<\/article>\n\t\t\t\t<\/div>\n\t\t\n\t\t\t\t\t\t<\/div>\n\t\t\t\t<\/div>\n\t\t\t\t\t<\/div>\n\t\t<\/div>\n\t\t\t\t\t<\/div>\n\t\t<\/section>\n\t\t\t\t<\/div>\n\t\t","protected":false},"excerpt":{"rendered":"<p>Locations \u00e0 Tahiti Location de villa de luxe \u00e0 Tahiti St Tropez Nich\u00e9e dans la prestigieuse communaut\u00e9 ferm\u00e9e des Parcs de St Tropez sur la C\u00f4te d&rsquo;Azur, notre collection de villas de luxe \u00e0 louer incarne l&rsquo;\u00e9l\u00e9gance et l&rsquo;exclusivit\u00e9. Chaque r\u00e9sidence m\u00e9ticuleusement con\u00e7ue pr\u00e9sente des caract\u00e9ristiques architecturales raffin\u00e9es, associ\u00e9es \u00e0 des \u00e9quipements de pointe et&hellip; <a class=\"more-link\" href=\"https:\/\/st-tropezvillas.fr\/fr\/rentals\/villa-lana\/\">Poursuivre la lecture <span class=\"screen-reader-text\">Villa Lana<\/span><\/a><\/p>\n","protected":false},"author":2,"featured_media":6756,"parent":0,"menu_order":0,"comment_status":"closed","ping_status":"closed","template":"elementor_header_footer","meta":{"content-type":"","footnotes":""},"class_list":["post-9819","page","type-page","status-publish","has-post-thumbnail","hentry","entry"],"yoast_head":"<!-- This site is optimized with the Yoast SEO plugin v25.6 - https:\/\/yoast.com\/wordpress\/plugins\/seo\/ -->\n<title>Location d&#039;une villa de luxe \u00e0 Tahiti St Tropez - St. Tropez Villas.<\/title>\n<meta name=\"description\" content=\"D\u00e9couvrez votre prochaine location de villa de luxe \u00e0 Tahiti St Tropez pour les vacances d&#039;\u00e9t\u00e9 et louez une maison \u00e0 St Tropez avec des amis.\" \/>\n<meta name=\"robots\" content=\"index, follow, max-snippet:-1, max-image-preview:large, max-video-preview:-1\" \/>\n<meta property=\"og:locale\" content=\"fr_FR\" \/>\n<meta property=\"og:type\" content=\"article\" \/>\n<meta property=\"og:title\" content=\"Location d&#039;une villa de luxe \u00e0 Tahiti St Tropez - St. Tropez Villas.\" \/>\n<meta property=\"og:description\" content=\"D\u00e9couvrez votre prochaine location de villa de luxe \u00e0 Tahiti St Tropez pour les vacances d&#039;\u00e9t\u00e9 et louez une maison \u00e0 St Tropez avec des amis.\" \/>\n<meta property=\"og:url\" content=\"https:\/\/st-tropezvillas.fr\/fr\/a-tahiti\/\" \/>\n<meta property=\"og:site_name\" content=\"St. Tropez Villas\" \/>\n<meta property=\"article:modified_time\" content=\"2023-11-11T08:48:34+00:00\" \/>\n<meta property=\"og:image\" content=\"https:\/\/st-tropezvillas.fr\/wp-content\/uploads\/2022\/07\/Villla-Agave-1.jpg\" \/>\n\t<meta property=\"og:image:width\" content=\"2048\" \/>\n\t<meta property=\"og:image:height\" content=\"1367\" \/>\n\t<meta property=\"og:image:type\" content=\"image\/jpeg\" \/>\n<meta name=\"twitter:card\" content=\"summary_large_image\" \/>\n<meta name=\"twitter:label1\" content=\"Dur\u00e9e de lecture estim\u00e9e\" \/>\n\t<meta name=\"twitter:data1\" content=\"1 minute\" \/>\n<script type=\"application\/ld+json\" class=\"yoast-schema-graph\">{\"@context\":\"https:\/\/schema.org\",\"@graph\":[{\"@type\":\"WebPage\",\"@id\":\"https:\/\/st-tropezvillas.fr\/fr\/a-tahiti\/\",\"url\":\"https:\/\/st-tropezvillas.fr\/fr\/a-tahiti\/\",\"name\":\"Location d'une villa de luxe \u00e0 Tahiti St Tropez - St. Tropez Villas.\",\"isPartOf\":{\"@id\":\"https:\/\/st-tropezvillas.fr\/fr\/#website\"},\"primaryImageOfPage\":{\"@id\":\"https:\/\/st-tropezvillas.fr\/fr\/a-tahiti\/#primaryimage\"},\"image\":{\"@id\":\"https:\/\/st-tropezvillas.fr\/fr\/a-tahiti\/#primaryimage\"},\"thumbnailUrl\":\"https:\/\/st-tropezvillas.fr\/wp-content\/uploads\/2022\/07\/Villla-Agave-1.jpg\",\"datePublished\":\"2023-11-11T08:39:20+00:00\",\"dateModified\":\"2023-11-11T08:48:34+00:00\",\"description\":\"D\u00e9couvrez votre prochaine location de villa de luxe \u00e0 Tahiti St Tropez pour les vacances d'\u00e9t\u00e9 et louez une maison \u00e0 St Tropez avec des amis.\",\"breadcrumb\":{\"@id\":\"https:\/\/st-tropezvillas.fr\/fr\/a-tahiti\/#breadcrumb\"},\"inLanguage\":\"fr-FR\",\"potentialAction\":[{\"@type\":\"ReadAction\",\"target\":[\"https:\/\/st-tropezvillas.fr\/fr\/a-tahiti\/\"]}]},{\"@type\":\"ImageObject\",\"inLanguage\":\"fr-FR\",\"@id\":\"https:\/\/st-tropezvillas.fr\/fr\/a-tahiti\/#primaryimage\",\"url\":\"https:\/\/st-tropezvillas.fr\/wp-content\/uploads\/2022\/07\/Villla-Agave-1.jpg\",\"contentUrl\":\"https:\/\/st-tropezvillas.fr\/wp-content\/uploads\/2022\/07\/Villla-Agave-1.jpg\",\"width\":2048,\"height\":1367},{\"@type\":\"BreadcrumbList\",\"@id\":\"https:\/\/st-tropezvillas.fr\/fr\/a-tahiti\/#breadcrumb\",\"itemListElement\":[{\"@type\":\"ListItem\",\"position\":1,\"name\":\"Home\",\"item\":\"https:\/\/st-tropezvillas.fr\/fr\/\"},{\"@type\":\"ListItem\",\"position\":2,\"name\":\"\u00c0 Tahiti\"}]},{\"@type\":\"WebSite\",\"@id\":\"https:\/\/st-tropezvillas.fr\/fr\/#website\",\"url\":\"https:\/\/st-tropezvillas.fr\/fr\/\",\"name\":\"St. Tropez Villas\",\"description\":\"St. Tropez Villas Rental\",\"publisher\":{\"@id\":\"https:\/\/st-tropezvillas.fr\/fr\/#organization\"},\"alternateName\":\"STV\",\"potentialAction\":[{\"@type\":\"SearchAction\",\"target\":{\"@type\":\"EntryPoint\",\"urlTemplate\":\"https:\/\/st-tropezvillas.fr\/fr\/?s={search_term_string}\"},\"query-input\":{\"@type\":\"PropertyValueSpecification\",\"valueRequired\":true,\"valueName\":\"search_term_string\"}}],\"inLanguage\":\"fr-FR\"},{\"@type\":\"Organization\",\"@id\":\"https:\/\/st-tropezvillas.fr\/fr\/#organization\",\"name\":\"St. Tropez Villas\",\"url\":\"https:\/\/st-tropezvillas.fr\/fr\/\",\"logo\":{\"@type\":\"ImageObject\",\"inLanguage\":\"fr-FR\",\"@id\":\"https:\/\/st-tropezvillas.fr\/fr\/#\/schema\/logo\/image\/\",\"url\":\"\",\"contentUrl\":\"\",\"caption\":\"St. Tropez Villas\"},\"image\":{\"@id\":\"https:\/\/st-tropezvillas.fr\/fr\/#\/schema\/logo\/image\/\"}}]}<\/script>\n<!-- \/ Yoast SEO plugin. -->","yoast_head_json":{"title":"Location d'une villa de luxe \u00e0 Tahiti St Tropez - St. Tropez Villas.","description":"D\u00e9couvrez votre prochaine location de villa de luxe \u00e0 Tahiti St Tropez pour les vacances d'\u00e9t\u00e9 et louez une maison \u00e0 St Tropez avec des amis.","robots":{"index":"index","follow":"follow","max-snippet":"max-snippet:-1","max-image-preview":"max-image-preview:large","max-video-preview":"max-video-preview:-1"},"og_locale":"fr_FR","og_type":"article","og_title":"Location d'une villa de luxe \u00e0 Tahiti St Tropez - St. Tropez Villas.","og_description":"D\u00e9couvrez votre prochaine location de villa de luxe \u00e0 Tahiti St Tropez pour les vacances d'\u00e9t\u00e9 et louez une maison \u00e0 St Tropez avec des amis.","og_url":"https:\/\/st-tropezvillas.fr\/fr\/a-tahiti\/","og_site_name":"St. Tropez Villas","article_modified_time":"2023-11-11T08:48:34+00:00","og_image":[{"width":2048,"height":1367,"url":"https:\/\/st-tropezvillas.fr\/wp-content\/uploads\/2022\/07\/Villla-Agave-1.jpg","type":"image\/jpeg"}],"twitter_card":"summary_large_image","twitter_misc":{"Dur\u00e9e de lecture estim\u00e9e":"1 minute"},"schema":{"@context":"https:\/\/schema.org","@graph":[{"@type":"WebPage","@id":"https:\/\/st-tropezvillas.fr\/fr\/a-tahiti\/","url":"https:\/\/st-tropezvillas.fr\/fr\/a-tahiti\/","name":"Location d'une villa de luxe \u00e0 Tahiti St Tropez - St. Tropez Villas.","isPartOf":{"@id":"https:\/\/st-tropezvillas.fr\/fr\/#website"},"primaryImageOfPage":{"@id":"https:\/\/st-tropezvillas.fr\/fr\/a-tahiti\/#primaryimage"},"image":{"@id":"https:\/\/st-tropezvillas.fr\/fr\/a-tahiti\/#primaryimage"},"thumbnailUrl":"https:\/\/st-tropezvillas.fr\/wp-content\/uploads\/2022\/07\/Villla-Agave-1.jpg","datePublished":"2023-11-11T08:39:20+00:00","dateModified":"2023-11-11T08:48:34+00:00","description":"D\u00e9couvrez votre prochaine location de villa de luxe \u00e0 Tahiti St Tropez pour les vacances d'\u00e9t\u00e9 et louez une maison \u00e0 St Tropez avec des amis.","breadcrumb":{"@id":"https:\/\/st-tropezvillas.fr\/fr\/a-tahiti\/#breadcrumb"},"inLanguage":"fr-FR","potentialAction":[{"@type":"ReadAction","target":["https:\/\/st-tropezvillas.fr\/fr\/a-tahiti\/"]}]},{"@type":"ImageObject","inLanguage":"fr-FR","@id":"https:\/\/st-tropezvillas.fr\/fr\/a-tahiti\/#primaryimage","url":"https:\/\/st-tropezvillas.fr\/wp-content\/uploads\/2022\/07\/Villla-Agave-1.jpg","contentUrl":"https:\/\/st-tropezvillas.fr\/wp-content\/uploads\/2022\/07\/Villla-Agave-1.jpg","width":2048,"height":1367},{"@type":"BreadcrumbList","@id":"https:\/\/st-tropezvillas.fr\/fr\/a-tahiti\/#breadcrumb","itemListElement":[{"@type":"ListItem","position":1,"name":"Home","item":"https:\/\/st-tropezvillas.fr\/fr\/"},{"@type":"ListItem","position":2,"name":"\u00c0 Tahiti"}]},{"@type":"WebSite","@id":"https:\/\/st-tropezvillas.fr\/fr\/#website","url":"https:\/\/st-tropezvillas.fr\/fr\/","name":"St. Tropez Villas","description":"St. Tropez Villas Rental","publisher":{"@id":"https:\/\/st-tropezvillas.fr\/fr\/#organization"},"alternateName":"STV","potentialAction":[{"@type":"SearchAction","target":{"@type":"EntryPoint","urlTemplate":"https:\/\/st-tropezvillas.fr\/fr\/?s={search_term_string}"},"query-input":{"@type":"PropertyValueSpecification","valueRequired":true,"valueName":"search_term_string"}}],"inLanguage":"fr-FR"},{"@type":"Organization","@id":"https:\/\/st-tropezvillas.fr\/fr\/#organization","name":"St. Tropez Villas","url":"https:\/\/st-tropezvillas.fr\/fr\/","logo":{"@type":"ImageObject","inLanguage":"fr-FR","@id":"https:\/\/st-tropezvillas.fr\/fr\/#\/schema\/logo\/image\/","url":"","contentUrl":"","caption":"St. Tropez Villas"},"image":{"@id":"https:\/\/st-tropezvillas.fr\/fr\/#\/schema\/logo\/image\/"}}]}},"distributor_meta":false,"distributor_terms":false,"distributor_media":false,"distributor_original_site_name":"St. Tropez Villas","distributor_original_site_url":"https:\/\/st-tropezvillas.fr\/fr\/","push-errors":false,"_links":{"self":[{"href":"https:\/\/st-tropezvillas.fr\/fr\/wp-json\/wp\/v2\/pages\/9819"}],"collection":[{"href":"https:\/\/st-tropezvillas.fr\/fr\/wp-json\/wp\/v2\/pages"}],"about":[{"href":"https:\/\/st-tropezvillas.fr\/fr\/wp-json\/wp\/v2\/types\/page"}],"author":[{"embeddable":true,"href":"https:\/\/st-tropezvillas.fr\/fr\/wp-json\/wp\/v2\/users\/2"}],"replies":[{"embeddable":true,"href":"https:\/\/st-tropezvillas.fr\/fr\/wp-json\/wp\/v2\/comments?post=9819"}],"version-history":[{"count":1,"href":"https:\/\/st-tropezvillas.fr\/fr\/wp-json\/wp\/v2\/pages\/9819\/revisions"}],"predecessor-version":[{"id":9821,"href":"https:\/\/st-tropezvillas.fr\/fr\/wp-json\/wp\/v2\/pages\/9819\/revisions\/9821"}],"wp:featuredmedia":[{"embeddable":true,"href":"https:\/\/st-tropezvillas.fr\/fr\/wp-json\/wp\/v2\/media\/6756"}],"wp:attachment":[{"href":"https:\/\/st-tropezvillas.fr\/fr\/wp-json\/wp\/v2\/media?parent=9819"}],"curies":[{"name":"wp","href":"https:\/\/api.w.org\/{rel}","templated":true}]}}