{"id":9794,"date":"2023-11-11T08:31:25","date_gmt":"2023-11-11T08:31:25","guid":{"rendered":"https:\/\/st-tropezvillas.fr\/avec-le-tennis\/"},"modified":"2023-11-11T08:32:58","modified_gmt":"2023-11-11T08:32:58","slug":"avec-le-tennis","status":"publish","type":"page","link":"https:\/\/st-tropezvillas.fr\/fr\/avec-le-tennis\/","title":{"rendered":"Avec le tennis"},"content":{"rendered":"\t\t<div data-elementor-type=\"wp-page\" data-elementor-id=\"9794\" class=\"elementor elementor-9794\" data-elementor-post-type=\"page\">\n\t\t\t\t\t\t<section class=\"elementor-section elementor-top-section elementor-element elementor-element-7775676 elementor-section-height-min-height elementor-section-boxed elementor-section-height-default elementor-section-items-middle\" data-id=\"7775676\" data-element_type=\"section\" data-e-type=\"section\" data-settings=\"{&quot;background_background&quot;:&quot;classic&quot;}\">\n\t\t\t\t\t\t<div class=\"elementor-container elementor-column-gap-default\">\n\t\t\t\t\t<div class=\"elementor-column elementor-col-100 elementor-top-column elementor-element elementor-element-9cb90af\" data-id=\"9cb90af\" data-element_type=\"column\" data-e-type=\"column\">\n\t\t\t<div class=\"elementor-widget-wrap elementor-element-populated\">\n\t\t\t\t\t\t<div class=\"elementor-element elementor-element-bc06590 elementor-widget elementor-widget-heading\" data-id=\"bc06590\" data-element_type=\"widget\" data-e-type=\"widget\" data-widget_type=\"heading.default\">\n\t\t\t\t<div class=\"elementor-widget-container\">\n\t\t\t\t\t<h2 class=\"elementor-heading-title elementor-size-default\">Location avec tennis<\/h2>\t\t\t\t<\/div>\n\t\t\t\t<\/div>\n\t\t\t\t\t<\/div>\n\t\t<\/div>\n\t\t\t\t\t<\/div>\n\t\t<\/section>\n\t\t\t\t<section class=\"elementor-section elementor-top-section elementor-element elementor-element-9da68ef elementor-section-boxed elementor-section-height-default elementor-section-height-default\" data-id=\"9da68ef\" data-element_type=\"section\" data-e-type=\"section\">\n\t\t\t\t\t\t<div class=\"elementor-container elementor-column-gap-default\">\n\t\t\t\t\t<div class=\"elementor-column elementor-col-100 elementor-top-column elementor-element elementor-element-6726422\" data-id=\"6726422\" data-element_type=\"column\" data-e-type=\"column\">\n\t\t\t<div class=\"elementor-widget-wrap elementor-element-populated\">\n\t\t\t\t\t\t<div class=\"elementor-element elementor-element-61f4c80 elementor-widget elementor-widget-heading\" data-id=\"61f4c80\" data-element_type=\"widget\" data-e-type=\"widget\" data-widget_type=\"heading.default\">\n\t\t\t\t<div class=\"elementor-widget-container\">\n\t\t\t\t\t<h1 class=\"elementor-heading-title elementor-size-default\">Location de villa St Tropez avec Tennis<\/h1>\t\t\t\t<\/div>\n\t\t\t\t<\/div>\n\t\t\t\t<div class=\"elementor-element elementor-element-f341bd7 elementor-widget elementor-widget-text-editor\" data-id=\"f341bd7\" data-element_type=\"widget\" data-e-type=\"widget\" data-widget_type=\"text-editor.default\">\n\t\t\t\t<div class=\"elementor-widget-container\">\n\t\t\t\t\t\t\t\t\t<p>Dans la r\u00e9gion glamour et ensoleill\u00e9e de Saint-Tropez, nos locations de villas avec courts de tennis priv\u00e9s offrent un m\u00e9lange unique de luxe, de loisirs et d&rsquo;exclusivit\u00e9. Ces propri\u00e9t\u00e9s, situ\u00e9es dans les endroits les plus recherch\u00e9s de Saint-Tropez, sont plus que de simples logements ; ce sont des portes d&rsquo;entr\u00e9e vers une exp\u00e9rience d&rsquo;une sophistication et d&rsquo;un plaisir in\u00e9gal\u00e9s. Chaque villa est une vitrine de luxe, offrant non seulement des installations de tennis de premier ordre pour les passionn\u00e9s comme pour les joueurs occasionnels, mais aussi des int\u00e9rieurs \u00e9l\u00e9gants, des jardins luxuriants et des vues imprenables sur le paysage m\u00e9diterran\u00e9en. La pr\u00e9sence d&rsquo;un court de tennis priv\u00e9 ajoute une touche particuli\u00e8re \u00e0 votre s\u00e9jour, offrant l&rsquo;occasion de se divertir, de faire du sport ou de participer \u00e0 d&rsquo;\u00e9l\u00e9gantes r\u00e9unions sociales dans un cadre unique et priv\u00e9. Notre engagement en faveur de l&rsquo;excellence garantit que, depuis la demande initiale jusqu&rsquo;\u00e0 la fin de votre s\u00e9jour, chaque d\u00e9tail est trait\u00e9 avec le plus grand professionnalisme et le plus grand soin. Ce m\u00e9lange harmonieux d&rsquo;h\u00e9bergement haut de gamme et d&rsquo;\u00e9quipements de loisirs exclusifs s&rsquo;aligne sur le style de vie prestigieux et d\u00e9contract\u00e9 synonyme de Saint-Tropez, faisant de ces villas le choix id\u00e9al pour ceux qui recherchent une retraite luxueuse et active dans l&rsquo;une des destinations les plus convoit\u00e9es au monde.<\/p>\n\t\t\t\t\t\t\t\t<\/div>\n\t\t\t\t<\/div>\n\t\t\t\t\t<\/div>\n\t\t<\/div>\n\t\t\t\t\t<\/div>\n\t\t<\/section>\n\t\t\t\t<section class=\"elementor-section elementor-top-section elementor-element elementor-element-70decb7 elementor-section-boxed elementor-section-height-default elementor-section-height-default\" data-id=\"70decb7\" data-element_type=\"section\" data-e-type=\"section\">\n\t\t\t\t\t\t<div class=\"elementor-container elementor-column-gap-default\">\n\t\t\t\t\t<div class=\"elementor-column elementor-col-100 elementor-top-column elementor-element elementor-element-8a6d6c1\" data-id=\"8a6d6c1\" data-element_type=\"column\" data-e-type=\"column\">\n\t\t\t<div class=\"elementor-widget-wrap elementor-element-populated\">\n\t\t\t\t\t\t<div class=\"elementor-element elementor-element-f5b93a2 elementor-widget elementor-widget-heading\" data-id=\"f5b93a2\" data-element_type=\"widget\" data-e-type=\"widget\" data-widget_type=\"heading.default\">\n\t\t\t\t<div class=\"elementor-widget-container\">\n\t\t\t\t\t<h3 class=\"elementor-heading-title elementor-size-default\">THE VILLAS \u00e0 louer avec Tennis<\/h3>\t\t\t\t<\/div>\n\t\t\t\t<\/div>\n\t\t\t\t<div class=\"elementor-element elementor-element-1341b27 elementor-widget elementor-widget-text-editor\" data-id=\"1341b27\" data-element_type=\"widget\" data-e-type=\"widget\" data-widget_type=\"text-editor.default\">\n\t\t\t\t<div class=\"elementor-widget-container\">\n\t\t\t\t\t\t\t\t\t<p>D\u00e9couvrez notre s\u00e9lection de villas de luxe \u00e0 St Tropez avec tennis :<\/p>\n\t\t\t\t\t\t\t\t<\/div>\n\t\t\t\t<\/div>\n\t\t\t\t<div class=\"elementor-element elementor-element-99103da elementor-posts--align-center elementor-grid-3 elementor-grid-tablet-2 elementor-grid-mobile-1 elementor-posts--thumbnail-top elementor-card-shadow-yes elementor-posts__hover-gradient elementor-widget elementor-widget-posts\" data-id=\"99103da\" data-element_type=\"widget\" data-e-type=\"widget\" data-settings=\"{&quot;cards_masonry&quot;:&quot;yes&quot;,&quot;cards_columns&quot;:&quot;3&quot;,&quot;cards_columns_tablet&quot;:&quot;2&quot;,&quot;cards_columns_mobile&quot;:&quot;1&quot;,&quot;cards_row_gap&quot;:{&quot;unit&quot;:&quot;px&quot;,&quot;size&quot;:35,&quot;sizes&quot;:[]},&quot;cards_row_gap_tablet&quot;:{&quot;unit&quot;:&quot;px&quot;,&quot;size&quot;:&quot;&quot;,&quot;sizes&quot;:[]},&quot;cards_row_gap_mobile&quot;:{&quot;unit&quot;:&quot;px&quot;,&quot;size&quot;:&quot;&quot;,&quot;sizes&quot;:[]}}\" data-widget_type=\"posts.cards\">\n\t\t\t\t<div class=\"elementor-widget-container\">\n\t\t\t\t\t\t\t<div class=\"elementor-posts-container elementor-posts elementor-posts--skin-cards elementor-grid\" role=\"list\">\n\t\t\t\t<article class=\"elementor-post elementor-grid-item post-15038 villas type-villas status-publish has-post-thumbnail hentry location-pampelonne-beach amenities-garage amenities-gym amenities-pool amenities-sauna amenities-sea-view amenities-spa amenities-staff amenities-tennis bedrooms-7-bedrooms entry\" role=\"listitem\">\n\t\t\t<div class=\"elementor-post__card\">\n\t\t\t\t<a class=\"elementor-post__thumbnail__link\" href=\"https:\/\/st-tropezvillas.fr\/fr\/rentals\/villa-las-brisas\/\" tabindex=\"-1\" ><div class=\"elementor-post__thumbnail\"><img fetchpriority=\"high\" decoding=\"async\" width=\"750\" height=\"500\" src=\"https:\/\/st-tropezvillas.fr\/wp-content\/uploads\/2025\/02\/25-768x512.jpg\" class=\"attachment-medium_large size-medium_large wp-image-14950\" alt=\"\" srcset=\"https:\/\/st-tropezvillas.fr\/wp-content\/uploads\/2025\/02\/25-768x512.jpg 768w, https:\/\/st-tropezvillas.fr\/wp-content\/uploads\/2025\/02\/25-300x200.jpg 300w, https:\/\/st-tropezvillas.fr\/wp-content\/uploads\/2025\/02\/25-1024x683.jpg 1024w, https:\/\/st-tropezvillas.fr\/wp-content\/uploads\/2025\/02\/25-1536x1025.jpg 1536w, https:\/\/st-tropezvillas.fr\/wp-content\/uploads\/2025\/02\/25-1568x1046.jpg 1568w, https:\/\/st-tropezvillas.fr\/wp-content\/uploads\/2025\/02\/25.jpg 1619w\" sizes=\"(max-width: 750px) 100vw, 750px\" style=\"width:100%;height:66.71%;max-width:1619px;\" \/><\/div><\/a>\n\t\t\t\t<div class=\"elementor-post__text\">\n\t\t\t\t<h3 class=\"elementor-post__title\">\n\t\t\t<a href=\"https:\/\/st-tropezvillas.fr\/fr\/rentals\/villa-las-brisas\/\" >\n\t\t\t\tVilla Las Brisas\t\t\t<\/a>\n\t\t<\/h3>\n\t\t\t\t<div class=\"elementor-post__excerpt\">\n\t\t\t<p>650m\u00b2 &#8211; 7 Chambres &#8211; POA<\/p>\n\t\t<\/div>\n\t\t\t\t<\/div>\n\t\t\t\t\t<\/div>\n\t\t<\/article>\n\t\t\t\t<article class=\"elementor-post elementor-grid-item post-12003 villas type-villas status-publish has-post-thumbnail hentry tag-luxe location-canoubiers amenities-garage amenities-sea-view amenities-spa amenities-staff amenities-tennis entry\" role=\"listitem\">\n\t\t\t<div class=\"elementor-post__card\">\n\t\t\t\t<a class=\"elementor-post__thumbnail__link\" href=\"https:\/\/st-tropezvillas.fr\/fr\/rentals\/villa-astor\/\" tabindex=\"-1\" ><div class=\"elementor-post__thumbnail\"><img decoding=\"async\" width=\"750\" height=\"500\" src=\"https:\/\/st-tropezvillas.fr\/wp-content\/uploads\/2024\/03\/Villa-Astor-1-768x512.jpeg\" class=\"attachment-medium_large size-medium_large wp-image-11963\" alt=\"\" srcset=\"https:\/\/st-tropezvillas.fr\/wp-content\/uploads\/2024\/03\/Villa-Astor-1-768x512.jpeg 768w, https:\/\/st-tropezvillas.fr\/wp-content\/uploads\/2024\/03\/Villa-Astor-1-300x200.jpeg 300w, https:\/\/st-tropezvillas.fr\/wp-content\/uploads\/2024\/03\/Villa-Astor-1-1024x683.jpeg 1024w, https:\/\/st-tropezvillas.fr\/wp-content\/uploads\/2024\/03\/Villa-Astor-1.jpeg 1080w\" sizes=\"(max-width: 750px) 100vw, 750px\" style=\"width:100%;height:66.67%;max-width:1080px;\" \/><\/div><\/a>\n\t\t\t\t<div class=\"elementor-post__text\">\n\t\t\t\t<h3 class=\"elementor-post__title\">\n\t\t\t<a href=\"https:\/\/st-tropezvillas.fr\/fr\/rentals\/villa-astor\/\" >\n\t\t\t\tVilla Astor\t\t\t<\/a>\n\t\t<\/h3>\n\t\t\t\t<div class=\"elementor-post__excerpt\">\n\t\t\t<p>500m\u00b2 &#8211; 7 Chambres &#8211; \u20ac33,000<\/p>\n\t\t<\/div>\n\t\t\t\t<\/div>\n\t\t\t\t\t<\/div>\n\t\t<\/article>\n\t\t\t\t<article class=\"elementor-post elementor-grid-item post-10677 villas type-villas status-publish has-post-thumbnail hentry tag-luxe location-ramatuelle amenities-helipad amenities-pool amenities-tennis bedrooms-7-bedrooms entry\" role=\"listitem\">\n\t\t\t<div class=\"elementor-post__card\">\n\t\t\t\t<a class=\"elementor-post__thumbnail__link\" href=\"https:\/\/st-tropezvillas.fr\/fr\/rentals\/villa-francine\/\" tabindex=\"-1\" ><div class=\"elementor-post__thumbnail\"><img decoding=\"async\" width=\"750\" height=\"500\" src=\"https:\/\/st-tropezvillas.fr\/wp-content\/uploads\/2024\/03\/Villa-Francine-1-768x512.jpg\" class=\"attachment-medium_large size-medium_large wp-image-10558\" alt=\"\" srcset=\"https:\/\/st-tropezvillas.fr\/wp-content\/uploads\/2024\/03\/Villa-Francine-1-768x512.jpg 768w, https:\/\/st-tropezvillas.fr\/wp-content\/uploads\/2024\/03\/Villa-Francine-1-300x200.jpg 300w, https:\/\/st-tropezvillas.fr\/wp-content\/uploads\/2024\/03\/Villa-Francine-1-1024x683.jpg 1024w, https:\/\/st-tropezvillas.fr\/wp-content\/uploads\/2024\/03\/Villa-Francine-1-1536x1024.jpg 1536w, https:\/\/st-tropezvillas.fr\/wp-content\/uploads\/2024\/03\/Villa-Francine-1-1568x1045.jpg 1568w, https:\/\/st-tropezvillas.fr\/wp-content\/uploads\/2024\/03\/Villa-Francine-1.jpg 1620w\" sizes=\"(max-width: 750px) 100vw, 750px\" style=\"width:100%;height:66.67%;max-width:1620px;\" \/><\/div><\/a>\n\t\t\t\t<div class=\"elementor-post__text\">\n\t\t\t\t<h3 class=\"elementor-post__title\">\n\t\t\t<a href=\"https:\/\/st-tropezvillas.fr\/fr\/rentals\/villa-francine\/\" >\n\t\t\t\tVilla Francine\t\t\t<\/a>\n\t\t<\/h3>\n\t\t\t\t<div class=\"elementor-post__excerpt\">\n\t\t\t<p>450m\u00b2 &#8211; 7 Chambres &#8211; \u20ac32,000<\/p>\n\t\t<\/div>\n\t\t\t\t<\/div>\n\t\t\t\t\t<\/div>\n\t\t<\/article>\n\t\t\t\t<article class=\"elementor-post elementor-grid-item post-9555 villas type-villas status-publish has-post-thumbnail hentry tag-luxe location-canoubiers location-st-tropez amenities-garage amenities-gym amenities-helipad amenities-pool amenities-spa amenities-staff amenities-tennis entry\" role=\"listitem\">\n\t\t\t<div class=\"elementor-post__card\">\n\t\t\t\t<a class=\"elementor-post__thumbnail__link\" href=\"https:\/\/st-tropezvillas.fr\/fr\/rentals\/villa-vaiana\/\" tabindex=\"-1\" ><div class=\"elementor-post__thumbnail\"><img loading=\"lazy\" decoding=\"async\" width=\"750\" height=\"500\" src=\"https:\/\/st-tropezvillas.fr\/wp-content\/uploads\/2022\/04\/villa-vanades-canoubiers-saint-tropez-french-riviera-france-2-768x512.jpg\" class=\"attachment-medium_large size-medium_large wp-image-4671\" alt=\"\" srcset=\"https:\/\/st-tropezvillas.fr\/wp-content\/uploads\/2022\/04\/villa-vanades-canoubiers-saint-tropez-french-riviera-france-2-768x512.jpg 768w, https:\/\/st-tropezvillas.fr\/wp-content\/uploads\/2022\/04\/villa-vanades-canoubiers-saint-tropez-french-riviera-france-2-300x200.jpg 300w, https:\/\/st-tropezvillas.fr\/wp-content\/uploads\/2022\/04\/villa-vanades-canoubiers-saint-tropez-french-riviera-france-2-1024x683.jpg 1024w, https:\/\/st-tropezvillas.fr\/wp-content\/uploads\/2022\/04\/villa-vanades-canoubiers-saint-tropez-french-riviera-france-2.jpg 1080w\" sizes=\"(max-width: 750px) 100vw, 750px\" style=\"width:100%;height:66.67%;max-width:1080px;\" \/><\/div><\/a>\n\t\t\t\t<div class=\"elementor-post__text\">\n\t\t\t\t<h3 class=\"elementor-post__title\">\n\t\t\t<a href=\"https:\/\/st-tropezvillas.fr\/fr\/rentals\/villa-vaiana\/\" >\n\t\t\t\tVilla Va\u00efana\t\t\t<\/a>\n\t\t<\/h3>\n\t\t\t\t<div class=\"elementor-post__excerpt\">\n\t\t\t<p>460m\u00b2 &#8211; 7 Chambres &#8211; \u20ac70,000<\/p>\n\t\t<\/div>\n\t\t\t\t<\/div>\n\t\t\t\t\t<\/div>\n\t\t<\/article>\n\t\t\t\t<\/div>\n\t\t\n\t\t\t\t\t\t<\/div>\n\t\t\t\t<\/div>\n\t\t\t\t\t<\/div>\n\t\t<\/div>\n\t\t\t\t\t<\/div>\n\t\t<\/section>\n\t\t\t\t<\/div>\n\t\t","protected":false},"excerpt":{"rendered":"<p>Location avec tennis Location de villa St Tropez avec Tennis Dans la r\u00e9gion glamour et ensoleill\u00e9e de Saint-Tropez, nos locations de villas avec courts de tennis priv\u00e9s offrent un m\u00e9lange unique de luxe, de loisirs et d&rsquo;exclusivit\u00e9. Ces propri\u00e9t\u00e9s, situ\u00e9es dans les endroits les plus recherch\u00e9s de Saint-Tropez, sont plus que de simples logements ;&hellip; <a class=\"more-link\" href=\"https:\/\/st-tropezvillas.fr\/fr\/rentals\/villa-vaiana\/\">Poursuivre la lecture <span class=\"screen-reader-text\">Villa Va\u00efana<\/span><\/a><\/p>\n","protected":false},"author":2,"featured_media":4674,"parent":0,"menu_order":0,"comment_status":"closed","ping_status":"closed","template":"elementor_header_footer","meta":{"content-type":"","footnotes":""},"class_list":["post-9794","page","type-page","status-publish","has-post-thumbnail","hentry","entry"],"yoast_head":"<!-- This site is optimized with the Yoast SEO plugin v25.6 - https:\/\/yoast.com\/wordpress\/plugins\/seo\/ -->\n<title>Location de Villa \u00e0 St Tropez avec Tennis - St. Tropez Villas.<\/title>\n<meta name=\"description\" content=\"D\u00e9couvrez votre prochaine location de villa \u00e0 St-Tropez avec un court de tennis pour les vacances d&#039;\u00e9t\u00e9 et louez une maison \u00e0 St-Tropez avec vos amis et votre famille.\" \/>\n<meta name=\"robots\" content=\"index, follow, max-snippet:-1, max-image-preview:large, max-video-preview:-1\" \/>\n<meta property=\"og:locale\" content=\"fr_FR\" \/>\n<meta property=\"og:type\" content=\"article\" \/>\n<meta property=\"og:title\" content=\"Location de Villa \u00e0 St Tropez avec Tennis - St. Tropez Villas.\" \/>\n<meta property=\"og:description\" content=\"D\u00e9couvrez votre prochaine location de villa \u00e0 St-Tropez avec un court de tennis pour les vacances d&#039;\u00e9t\u00e9 et louez une maison \u00e0 St-Tropez avec vos amis et votre famille.\" \/>\n<meta property=\"og:url\" content=\"https:\/\/st-tropezvillas.fr\/fr\/avec-le-tennis\/\" \/>\n<meta property=\"og:site_name\" content=\"St. Tropez Villas\" \/>\n<meta property=\"article:modified_time\" content=\"2023-11-11T08:32:58+00:00\" \/>\n<meta property=\"og:image\" content=\"https:\/\/st-tropezvillas.fr\/wp-content\/uploads\/2022\/04\/villa-vanades-canoubiers-saint-tropez-french-riviera-france-3.jpg\" \/>\n\t<meta property=\"og:image:width\" content=\"1280\" \/>\n\t<meta property=\"og:image:height\" content=\"849\" \/>\n\t<meta property=\"og:image:type\" content=\"image\/jpeg\" \/>\n<meta name=\"twitter:card\" content=\"summary_large_image\" \/>\n<meta name=\"twitter:label1\" content=\"Dur\u00e9e de lecture estim\u00e9e\" \/>\n\t<meta name=\"twitter:data1\" content=\"1 minute\" \/>\n<script type=\"application\/ld+json\" class=\"yoast-schema-graph\">{\"@context\":\"https:\/\/schema.org\",\"@graph\":[{\"@type\":\"WebPage\",\"@id\":\"https:\/\/st-tropezvillas.fr\/fr\/avec-le-tennis\/\",\"url\":\"https:\/\/st-tropezvillas.fr\/fr\/avec-le-tennis\/\",\"name\":\"Location de Villa \u00e0 St Tropez avec Tennis - St. Tropez Villas.\",\"isPartOf\":{\"@id\":\"https:\/\/st-tropezvillas.fr\/fr\/#website\"},\"primaryImageOfPage\":{\"@id\":\"https:\/\/st-tropezvillas.fr\/fr\/avec-le-tennis\/#primaryimage\"},\"image\":{\"@id\":\"https:\/\/st-tropezvillas.fr\/fr\/avec-le-tennis\/#primaryimage\"},\"thumbnailUrl\":\"https:\/\/st-tropezvillas.fr\/wp-content\/uploads\/2022\/04\/villa-vanades-canoubiers-saint-tropez-french-riviera-france-3.jpg\",\"datePublished\":\"2023-11-11T08:31:25+00:00\",\"dateModified\":\"2023-11-11T08:32:58+00:00\",\"description\":\"D\u00e9couvrez votre prochaine location de villa \u00e0 St-Tropez avec un court de tennis pour les vacances d'\u00e9t\u00e9 et louez une maison \u00e0 St-Tropez avec vos amis et votre famille.\",\"breadcrumb\":{\"@id\":\"https:\/\/st-tropezvillas.fr\/fr\/avec-le-tennis\/#breadcrumb\"},\"inLanguage\":\"fr-FR\",\"potentialAction\":[{\"@type\":\"ReadAction\",\"target\":[\"https:\/\/st-tropezvillas.fr\/fr\/avec-le-tennis\/\"]}]},{\"@type\":\"ImageObject\",\"inLanguage\":\"fr-FR\",\"@id\":\"https:\/\/st-tropezvillas.fr\/fr\/avec-le-tennis\/#primaryimage\",\"url\":\"https:\/\/st-tropezvillas.fr\/wp-content\/uploads\/2022\/04\/villa-vanades-canoubiers-saint-tropez-french-riviera-france-3.jpg\",\"contentUrl\":\"https:\/\/st-tropezvillas.fr\/wp-content\/uploads\/2022\/04\/villa-vanades-canoubiers-saint-tropez-french-riviera-france-3.jpg\",\"width\":1280,\"height\":849},{\"@type\":\"BreadcrumbList\",\"@id\":\"https:\/\/st-tropezvillas.fr\/fr\/avec-le-tennis\/#breadcrumb\",\"itemListElement\":[{\"@type\":\"ListItem\",\"position\":1,\"name\":\"Home\",\"item\":\"https:\/\/st-tropezvillas.fr\/fr\/\"},{\"@type\":\"ListItem\",\"position\":2,\"name\":\"Avec le tennis\"}]},{\"@type\":\"WebSite\",\"@id\":\"https:\/\/st-tropezvillas.fr\/fr\/#website\",\"url\":\"https:\/\/st-tropezvillas.fr\/fr\/\",\"name\":\"St. Tropez Villas\",\"description\":\"St. Tropez Villas Rental\",\"publisher\":{\"@id\":\"https:\/\/st-tropezvillas.fr\/fr\/#organization\"},\"alternateName\":\"STV\",\"potentialAction\":[{\"@type\":\"SearchAction\",\"target\":{\"@type\":\"EntryPoint\",\"urlTemplate\":\"https:\/\/st-tropezvillas.fr\/fr\/?s={search_term_string}\"},\"query-input\":{\"@type\":\"PropertyValueSpecification\",\"valueRequired\":true,\"valueName\":\"search_term_string\"}}],\"inLanguage\":\"fr-FR\"},{\"@type\":\"Organization\",\"@id\":\"https:\/\/st-tropezvillas.fr\/fr\/#organization\",\"name\":\"St. Tropez Villas\",\"url\":\"https:\/\/st-tropezvillas.fr\/fr\/\",\"logo\":{\"@type\":\"ImageObject\",\"inLanguage\":\"fr-FR\",\"@id\":\"https:\/\/st-tropezvillas.fr\/fr\/#\/schema\/logo\/image\/\",\"url\":\"\",\"contentUrl\":\"\",\"caption\":\"St. Tropez Villas\"},\"image\":{\"@id\":\"https:\/\/st-tropezvillas.fr\/fr\/#\/schema\/logo\/image\/\"}}]}<\/script>\n<!-- \/ Yoast SEO plugin. -->","yoast_head_json":{"title":"Location de Villa \u00e0 St Tropez avec Tennis - St. Tropez Villas.","description":"D\u00e9couvrez votre prochaine location de villa \u00e0 St-Tropez avec un court de tennis pour les vacances d'\u00e9t\u00e9 et louez une maison \u00e0 St-Tropez avec vos amis et votre famille.","robots":{"index":"index","follow":"follow","max-snippet":"max-snippet:-1","max-image-preview":"max-image-preview:large","max-video-preview":"max-video-preview:-1"},"og_locale":"fr_FR","og_type":"article","og_title":"Location de Villa \u00e0 St Tropez avec Tennis - St. Tropez Villas.","og_description":"D\u00e9couvrez votre prochaine location de villa \u00e0 St-Tropez avec un court de tennis pour les vacances d'\u00e9t\u00e9 et louez une maison \u00e0 St-Tropez avec vos amis et votre famille.","og_url":"https:\/\/st-tropezvillas.fr\/fr\/avec-le-tennis\/","og_site_name":"St. Tropez Villas","article_modified_time":"2023-11-11T08:32:58+00:00","og_image":[{"width":1280,"height":849,"url":"https:\/\/st-tropezvillas.fr\/wp-content\/uploads\/2022\/04\/villa-vanades-canoubiers-saint-tropez-french-riviera-france-3.jpg","type":"image\/jpeg"}],"twitter_card":"summary_large_image","twitter_misc":{"Dur\u00e9e de lecture estim\u00e9e":"1 minute"},"schema":{"@context":"https:\/\/schema.org","@graph":[{"@type":"WebPage","@id":"https:\/\/st-tropezvillas.fr\/fr\/avec-le-tennis\/","url":"https:\/\/st-tropezvillas.fr\/fr\/avec-le-tennis\/","name":"Location de Villa \u00e0 St Tropez avec Tennis - St. Tropez Villas.","isPartOf":{"@id":"https:\/\/st-tropezvillas.fr\/fr\/#website"},"primaryImageOfPage":{"@id":"https:\/\/st-tropezvillas.fr\/fr\/avec-le-tennis\/#primaryimage"},"image":{"@id":"https:\/\/st-tropezvillas.fr\/fr\/avec-le-tennis\/#primaryimage"},"thumbnailUrl":"https:\/\/st-tropezvillas.fr\/wp-content\/uploads\/2022\/04\/villa-vanades-canoubiers-saint-tropez-french-riviera-france-3.jpg","datePublished":"2023-11-11T08:31:25+00:00","dateModified":"2023-11-11T08:32:58+00:00","description":"D\u00e9couvrez votre prochaine location de villa \u00e0 St-Tropez avec un court de tennis pour les vacances d'\u00e9t\u00e9 et louez une maison \u00e0 St-Tropez avec vos amis et votre famille.","breadcrumb":{"@id":"https:\/\/st-tropezvillas.fr\/fr\/avec-le-tennis\/#breadcrumb"},"inLanguage":"fr-FR","potentialAction":[{"@type":"ReadAction","target":["https:\/\/st-tropezvillas.fr\/fr\/avec-le-tennis\/"]}]},{"@type":"ImageObject","inLanguage":"fr-FR","@id":"https:\/\/st-tropezvillas.fr\/fr\/avec-le-tennis\/#primaryimage","url":"https:\/\/st-tropezvillas.fr\/wp-content\/uploads\/2022\/04\/villa-vanades-canoubiers-saint-tropez-french-riviera-france-3.jpg","contentUrl":"https:\/\/st-tropezvillas.fr\/wp-content\/uploads\/2022\/04\/villa-vanades-canoubiers-saint-tropez-french-riviera-france-3.jpg","width":1280,"height":849},{"@type":"BreadcrumbList","@id":"https:\/\/st-tropezvillas.fr\/fr\/avec-le-tennis\/#breadcrumb","itemListElement":[{"@type":"ListItem","position":1,"name":"Home","item":"https:\/\/st-tropezvillas.fr\/fr\/"},{"@type":"ListItem","position":2,"name":"Avec le tennis"}]},{"@type":"WebSite","@id":"https:\/\/st-tropezvillas.fr\/fr\/#website","url":"https:\/\/st-tropezvillas.fr\/fr\/","name":"St. Tropez Villas","description":"St. Tropez Villas Rental","publisher":{"@id":"https:\/\/st-tropezvillas.fr\/fr\/#organization"},"alternateName":"STV","potentialAction":[{"@type":"SearchAction","target":{"@type":"EntryPoint","urlTemplate":"https:\/\/st-tropezvillas.fr\/fr\/?s={search_term_string}"},"query-input":{"@type":"PropertyValueSpecification","valueRequired":true,"valueName":"search_term_string"}}],"inLanguage":"fr-FR"},{"@type":"Organization","@id":"https:\/\/st-tropezvillas.fr\/fr\/#organization","name":"St. Tropez Villas","url":"https:\/\/st-tropezvillas.fr\/fr\/","logo":{"@type":"ImageObject","inLanguage":"fr-FR","@id":"https:\/\/st-tropezvillas.fr\/fr\/#\/schema\/logo\/image\/","url":"","contentUrl":"","caption":"St. Tropez Villas"},"image":{"@id":"https:\/\/st-tropezvillas.fr\/fr\/#\/schema\/logo\/image\/"}}]}},"distributor_meta":false,"distributor_terms":false,"distributor_media":false,"distributor_original_site_name":"St. Tropez Villas","distributor_original_site_url":"https:\/\/st-tropezvillas.fr\/fr\/","push-errors":false,"_links":{"self":[{"href":"https:\/\/st-tropezvillas.fr\/fr\/wp-json\/wp\/v2\/pages\/9794"}],"collection":[{"href":"https:\/\/st-tropezvillas.fr\/fr\/wp-json\/wp\/v2\/pages"}],"about":[{"href":"https:\/\/st-tropezvillas.fr\/fr\/wp-json\/wp\/v2\/types\/page"}],"author":[{"embeddable":true,"href":"https:\/\/st-tropezvillas.fr\/fr\/wp-json\/wp\/v2\/users\/2"}],"replies":[{"embeddable":true,"href":"https:\/\/st-tropezvillas.fr\/fr\/wp-json\/wp\/v2\/comments?post=9794"}],"version-history":[{"count":1,"href":"https:\/\/st-tropezvillas.fr\/fr\/wp-json\/wp\/v2\/pages\/9794\/revisions"}],"predecessor-version":[{"id":9796,"href":"https:\/\/st-tropezvillas.fr\/fr\/wp-json\/wp\/v2\/pages\/9794\/revisions\/9796"}],"wp:featuredmedia":[{"embeddable":true,"href":"https:\/\/st-tropezvillas.fr\/fr\/wp-json\/wp\/v2\/media\/4674"}],"wp:attachment":[{"href":"https:\/\/st-tropezvillas.fr\/fr\/wp-json\/wp\/v2\/media?parent=9794"}],"curies":[{"name":"wp","href":"https:\/\/api.w.org\/{rel}","templated":true}]}}