{"id":9275,"date":"2022-02-19T13:59:02","date_gmt":"2022-02-19T13:59:02","guid":{"rendered":"https:\/\/st-tropezvillas.fr\/appartements-a-louer-a-st-tropez\/"},"modified":"2023-10-30T16:23:11","modified_gmt":"2023-10-30T16:23:11","slug":"appartements-a-louer-a-st-tropez","status":"publish","type":"page","link":"https:\/\/st-tropezvillas.fr\/fr\/appartements-a-louer-a-st-tropez\/","title":{"rendered":"Appartements \u00e0 louer \u00e0 St-Tropez"},"content":{"rendered":"\t\t<div data-elementor-type=\"wp-page\" data-elementor-id=\"9275\" class=\"elementor elementor-9275\" data-elementor-post-type=\"page\">\n\t\t\t\t\t\t<section class=\"elementor-section elementor-top-section elementor-element elementor-element-7775676 elementor-section-height-min-height elementor-section-boxed elementor-section-height-default elementor-section-items-middle\" data-id=\"7775676\" data-element_type=\"section\" data-e-type=\"section\" data-settings=\"{&quot;background_background&quot;:&quot;classic&quot;}\">\n\t\t\t\t\t\t<div class=\"elementor-container elementor-column-gap-default\">\n\t\t\t\t\t<div class=\"elementor-column elementor-col-100 elementor-top-column elementor-element elementor-element-9cb90af\" data-id=\"9cb90af\" data-element_type=\"column\" data-e-type=\"column\">\n\t\t\t<div class=\"elementor-widget-wrap elementor-element-populated\">\n\t\t\t\t\t\t<div class=\"elementor-element elementor-element-bc06590 elementor-widget elementor-widget-heading\" data-id=\"bc06590\" data-element_type=\"widget\" data-e-type=\"widget\" data-widget_type=\"heading.default\">\n\t\t\t\t<div class=\"elementor-widget-container\">\n\t\t\t\t\t<h2 class=\"elementor-heading-title elementor-size-default\">Locations \u00e0 St Tropez<\/h2>\t\t\t\t<\/div>\n\t\t\t\t<\/div>\n\t\t\t\t\t<\/div>\n\t\t<\/div>\n\t\t\t\t\t<\/div>\n\t\t<\/section>\n\t\t\t\t<section class=\"elementor-section elementor-top-section elementor-element elementor-element-9da68ef elementor-section-boxed elementor-section-height-default elementor-section-height-default\" data-id=\"9da68ef\" data-element_type=\"section\" data-e-type=\"section\">\n\t\t\t\t\t\t<div class=\"elementor-container elementor-column-gap-default\">\n\t\t\t\t\t<div class=\"elementor-column elementor-col-100 elementor-top-column elementor-element elementor-element-6726422\" data-id=\"6726422\" data-element_type=\"column\" data-e-type=\"column\">\n\t\t\t<div class=\"elementor-widget-wrap elementor-element-populated\">\n\t\t\t\t\t\t<div class=\"elementor-element elementor-element-61f4c80 elementor-widget elementor-widget-heading\" data-id=\"61f4c80\" data-element_type=\"widget\" data-e-type=\"widget\" data-widget_type=\"heading.default\">\n\t\t\t\t<div class=\"elementor-widget-container\">\n\t\t\t\t\t<h1 class=\"elementor-heading-title elementor-size-default\">Appartements \u00e0 louer \u00e0 St-Tropez  <\/h1>\t\t\t\t<\/div>\n\t\t\t\t<\/div>\n\t\t\t\t<div class=\"elementor-element elementor-element-f341bd7 elementor-widget elementor-widget-text-editor\" data-id=\"f341bd7\" data-element_type=\"widget\" data-e-type=\"widget\" data-widget_type=\"text-editor.default\">\n\t\t\t\t<div class=\"elementor-widget-container\">\n\t\t\t\t\t\t\t\t\t<p>Si vous souhaitez \u00eatre au c\u0153ur de l&rsquo;action, \u00e0 quelques m\u00e8tres seulement du c\u00e9l\u00e8bre port de Saint-Tropez, ou si vous souhaitez d\u00e9guster les meilleurs plats et les meilleurs divertissements que Saint-Tropez puisse offrir \u00e0 L&rsquo;Op\u00e9ra, l&rsquo;h\u00f4tel est fait pour vous. Le s\u00e9jour au c\u0153ur de St-Tropez est la solution id\u00e9ale pour vivre pleinement l&rsquo;exp\u00e9rience de St-Tropez.  <\/p>\n\t\t\t\t\t\t\t\t<\/div>\n\t\t\t\t<\/div>\n\t\t\t\t\t<\/div>\n\t\t<\/div>\n\t\t\t\t\t<\/div>\n\t\t<\/section>\n\t\t\t\t<section class=\"elementor-section elementor-top-section elementor-element elementor-element-70decb7 elementor-section-boxed elementor-section-height-default elementor-section-height-default\" data-id=\"70decb7\" data-element_type=\"section\" data-e-type=\"section\">\n\t\t\t\t\t\t<div class=\"elementor-container elementor-column-gap-default\">\n\t\t\t\t\t<div class=\"elementor-column elementor-col-100 elementor-top-column elementor-element elementor-element-8a6d6c1\" data-id=\"8a6d6c1\" data-element_type=\"column\" data-e-type=\"column\">\n\t\t\t<div class=\"elementor-widget-wrap elementor-element-populated\">\n\t\t\t\t\t\t<div class=\"elementor-element elementor-element-f5b93a2 elementor-widget elementor-widget-heading\" data-id=\"f5b93a2\" data-element_type=\"widget\" data-e-type=\"widget\" data-widget_type=\"heading.default\">\n\t\t\t\t<div class=\"elementor-widget-container\">\n\t\t\t\t\t<h3 class=\"elementor-heading-title elementor-size-default\">Appartements \u00e0 louer \u00e0 St Tropez  <\/h3>\t\t\t\t<\/div>\n\t\t\t\t<\/div>\n\t\t\t\t<div class=\"elementor-element elementor-element-1341b27 elementor-widget elementor-widget-text-editor\" data-id=\"1341b27\" data-element_type=\"widget\" data-e-type=\"widget\" data-widget_type=\"text-editor.default\">\n\t\t\t\t<div class=\"elementor-widget-container\">\n\t\t\t\t\t\t\t\t\t<p>Parcourez notre s\u00e9lection des meilleurs appartements de luxe \u00e0 St Tropez :<\/p>\n\t\t\t\t\t\t\t\t<\/div>\n\t\t\t\t<\/div>\n\t\t\t\t<div class=\"elementor-element elementor-element-99103da elementor-posts--align-center elementor-grid-3 elementor-grid-tablet-2 elementor-grid-mobile-1 elementor-posts--thumbnail-top elementor-card-shadow-yes elementor-posts__hover-gradient elementor-widget elementor-widget-posts\" data-id=\"99103da\" data-element_type=\"widget\" data-e-type=\"widget\" data-settings=\"{&quot;cards_masonry&quot;:&quot;yes&quot;,&quot;cards_columns&quot;:&quot;3&quot;,&quot;cards_columns_tablet&quot;:&quot;2&quot;,&quot;cards_columns_mobile&quot;:&quot;1&quot;,&quot;cards_row_gap&quot;:{&quot;unit&quot;:&quot;px&quot;,&quot;size&quot;:35,&quot;sizes&quot;:[]},&quot;cards_row_gap_tablet&quot;:{&quot;unit&quot;:&quot;px&quot;,&quot;size&quot;:&quot;&quot;,&quot;sizes&quot;:[]},&quot;cards_row_gap_mobile&quot;:{&quot;unit&quot;:&quot;px&quot;,&quot;size&quot;:&quot;&quot;,&quot;sizes&quot;:[]}}\" data-widget_type=\"posts.cards\">\n\t\t\t\t<div class=\"elementor-widget-container\">\n\t\t\t\t\t\t\t<div class=\"elementor-posts-container elementor-posts elementor-posts--skin-cards elementor-grid\" role=\"list\">\n\t\t\t\t<article class=\"elementor-post elementor-grid-item post-9678 villas type-villas status-publish has-post-thumbnail hentry location-center amenities-garage amenities-pool entry\" role=\"listitem\">\n\t\t\t<div class=\"elementor-post__card\">\n\t\t\t\t<a class=\"elementor-post__thumbnail__link\" href=\"https:\/\/st-tropezvillas.fr\/fr\/rentals\/villa-des-tourterelles\/\" tabindex=\"-1\" ><div class=\"elementor-post__thumbnail\"><img fetchpriority=\"high\" decoding=\"async\" width=\"750\" height=\"500\" src=\"https:\/\/st-tropezvillas.fr\/wp-content\/uploads\/2022\/09\/VILLA-DES-TOURTERELLES-13-e1662979261371-768x512.jpeg\" class=\"attachment-medium_large size-medium_large wp-image-7536\" alt=\"\" srcset=\"https:\/\/st-tropezvillas.fr\/wp-content\/uploads\/2022\/09\/VILLA-DES-TOURTERELLES-13-e1662979261371-768x512.jpeg 768w, https:\/\/st-tropezvillas.fr\/wp-content\/uploads\/2022\/09\/VILLA-DES-TOURTERELLES-13-e1662979261371-300x200.jpeg 300w, https:\/\/st-tropezvillas.fr\/wp-content\/uploads\/2022\/09\/VILLA-DES-TOURTERELLES-13-e1662979261371-1024x682.jpeg 1024w, https:\/\/st-tropezvillas.fr\/wp-content\/uploads\/2022\/09\/VILLA-DES-TOURTERELLES-13-e1662979261371-1536x1024.jpeg 1536w, https:\/\/st-tropezvillas.fr\/wp-content\/uploads\/2022\/09\/VILLA-DES-TOURTERELLES-13-e1662979261371-1568x1045.jpeg 1568w, https:\/\/st-tropezvillas.fr\/wp-content\/uploads\/2022\/09\/VILLA-DES-TOURTERELLES-13-e1662979261371.jpeg 1886w\" sizes=\"(max-width: 750px) 100vw, 750px\" style=\"width:100%;height:66.65%;max-width:1886px;\" \/><\/div><\/a>\n\t\t\t\t<div class=\"elementor-post__text\">\n\t\t\t\t<h3 class=\"elementor-post__title\">\n\t\t\t<a href=\"https:\/\/st-tropezvillas.fr\/fr\/rentals\/villa-des-tourterelles\/\" >\n\t\t\t\tVilla Des Tourterelles\t\t\t<\/a>\n\t\t<\/h3>\n\t\t\t\t<div class=\"elementor-post__excerpt\">\n\t\t\t<p>200m\u00b2 &#8211; 4 Chambres &#8211; \u20ac7,200<\/p>\n\t\t<\/div>\n\t\t\t\t<\/div>\n\t\t\t\t\t<\/div>\n\t\t<\/article>\n\t\t\t\t<article class=\"elementor-post elementor-grid-item post-9446 villas type-villas status-publish has-post-thumbnail hentry category-non-classifiee location-center amenities-pool entry\" role=\"listitem\">\n\t\t\t<div class=\"elementor-post__card\">\n\t\t\t\t<a class=\"elementor-post__thumbnail__link\" href=\"https:\/\/st-tropezvillas.fr\/fr\/rentals\/maison-maddy\/\" tabindex=\"-1\" ><div class=\"elementor-post__thumbnail\"><img decoding=\"async\" width=\"750\" height=\"500\" src=\"https:\/\/st-tropezvillas.fr\/wp-content\/uploads\/2022\/05\/Maison-Magdeleine_accueil-piscinepatio-e1653135706157-768x512.jpeg\" class=\"attachment-medium_large size-medium_large wp-image-4968\" alt=\"\" srcset=\"https:\/\/st-tropezvillas.fr\/wp-content\/uploads\/2022\/05\/Maison-Magdeleine_accueil-piscinepatio-e1653135706157-768x512.jpeg 768w, https:\/\/st-tropezvillas.fr\/wp-content\/uploads\/2022\/05\/Maison-Magdeleine_accueil-piscinepatio-e1653135706157-300x200.jpeg 300w, https:\/\/st-tropezvillas.fr\/wp-content\/uploads\/2022\/05\/Maison-Magdeleine_accueil-piscinepatio-e1653135706157.jpeg 910w\" sizes=\"(max-width: 750px) 100vw, 750px\" style=\"width:100%;height:66.7%;max-width:910px;\" \/><\/div><\/a>\n\t\t\t\t<div class=\"elementor-post__text\">\n\t\t\t\t<h3 class=\"elementor-post__title\">\n\t\t\t<a href=\"https:\/\/st-tropezvillas.fr\/fr\/rentals\/maison-maddy\/\" >\n\t\t\t\tMaison Maddy\t\t\t<\/a>\n\t\t<\/h3>\n\t\t\t\t<div class=\"elementor-post__excerpt\">\n\t\t\t<p>100m\u00b2 &#8211; 2 Chambres &#8211; \u20ac6000<\/p>\n\t\t<\/div>\n\t\t\t\t<\/div>\n\t\t\t\t\t<\/div>\n\t\t<\/article>\n\t\t\t\t<\/div>\n\t\t\n\t\t\t\t\t\t<\/div>\n\t\t\t\t<\/div>\n\t\t\t\t\t<\/div>\n\t\t<\/div>\n\t\t\t\t\t<\/div>\n\t\t<\/section>\n\t\t\t\t<\/div>\n\t\t","protected":false},"excerpt":{"rendered":"<p>Locations \u00e0 St Tropez Appartements \u00e0 louer \u00e0 St-Tropez Si vous souhaitez \u00eatre au c\u0153ur de l&rsquo;action, \u00e0 quelques m\u00e8tres seulement du c\u00e9l\u00e8bre port de Saint-Tropez, ou si vous souhaitez d\u00e9guster les meilleurs plats et les meilleurs divertissements que Saint-Tropez puisse offrir \u00e0 L&rsquo;Op\u00e9ra, l&rsquo;h\u00f4tel est fait pour vous. Le s\u00e9jour au c\u0153ur de St-Tropez&hellip; <a class=\"more-link\" href=\"https:\/\/st-tropezvillas.fr\/fr\/rentals\/maison-maddy\/\">Poursuivre la lecture <span class=\"screen-reader-text\">Maison Maddy<\/span><\/a><\/p>\n","protected":false},"author":2,"featured_media":4527,"parent":0,"menu_order":0,"comment_status":"closed","ping_status":"closed","template":"elementor_header_footer","meta":{"content-type":"","footnotes":""},"class_list":["post-9275","page","type-page","status-publish","has-post-thumbnail","hentry","entry"],"yoast_head":"<!-- This site is optimized with the Yoast SEO plugin v25.6 - https:\/\/yoast.com\/wordpress\/plugins\/seo\/ -->\n<title>Appartements \u00e0 louer \u00e0 St Tropez - St. Tropez Villas.<\/title>\n<meta name=\"description\" content=\"D\u00e9couvrez votre prochain appartement \u00e0 louer \u00e0 St Tropez cet \u00e9t\u00e9, l&#039;endroit id\u00e9al pour profiter de l&#039;Art de Vivre \u00e0 la Fran\u00e7aise et des clubs !\" \/>\n<meta name=\"robots\" content=\"index, follow, max-snippet:-1, max-image-preview:large, max-video-preview:-1\" \/>\n<meta property=\"og:locale\" content=\"fr_FR\" \/>\n<meta property=\"og:type\" content=\"article\" \/>\n<meta property=\"og:title\" content=\"Appartements \u00e0 louer \u00e0 St Tropez - St. Tropez Villas.\" \/>\n<meta property=\"og:description\" content=\"D\u00e9couvrez votre prochain appartement \u00e0 louer \u00e0 St Tropez cet \u00e9t\u00e9, l&#039;endroit id\u00e9al pour profiter de l&#039;Art de Vivre \u00e0 la Fran\u00e7aise et des clubs !\" \/>\n<meta property=\"og:url\" content=\"https:\/\/st-tropezvillas.fr\/fr\/appartements-a-louer-a-st-tropez\/\" \/>\n<meta property=\"og:site_name\" content=\"St. Tropez Villas\" \/>\n<meta property=\"article:modified_time\" content=\"2023-10-30T16:23:11+00:00\" \/>\n<meta property=\"og:image\" content=\"https:\/\/st-tropezvillas.fr\/wp-content\/uploads\/2022\/04\/St-Tropez-Village-scaled.jpg\" \/>\n\t<meta property=\"og:image:width\" content=\"2560\" \/>\n\t<meta property=\"og:image:height\" content=\"1438\" \/>\n\t<meta property=\"og:image:type\" content=\"image\/jpeg\" \/>\n<meta name=\"twitter:card\" content=\"summary_large_image\" \/>\n<script type=\"application\/ld+json\" class=\"yoast-schema-graph\">{\"@context\":\"https:\/\/schema.org\",\"@graph\":[{\"@type\":\"WebPage\",\"@id\":\"https:\/\/st-tropezvillas.fr\/fr\/appartements-a-louer-a-st-tropez\/\",\"url\":\"https:\/\/st-tropezvillas.fr\/fr\/appartements-a-louer-a-st-tropez\/\",\"name\":\"Appartements \u00e0 louer \u00e0 St Tropez - St. Tropez Villas.\",\"isPartOf\":{\"@id\":\"https:\/\/st-tropezvillas.fr\/fr\/#website\"},\"primaryImageOfPage\":{\"@id\":\"https:\/\/st-tropezvillas.fr\/fr\/appartements-a-louer-a-st-tropez\/#primaryimage\"},\"image\":{\"@id\":\"https:\/\/st-tropezvillas.fr\/fr\/appartements-a-louer-a-st-tropez\/#primaryimage\"},\"thumbnailUrl\":\"https:\/\/st-tropezvillas.fr\/wp-content\/uploads\/2022\/04\/St-Tropez-Village-scaled.jpg\",\"datePublished\":\"2022-02-19T13:59:02+00:00\",\"dateModified\":\"2023-10-30T16:23:11+00:00\",\"description\":\"D\u00e9couvrez votre prochain appartement \u00e0 louer \u00e0 St Tropez cet \u00e9t\u00e9, l'endroit id\u00e9al pour profiter de l'Art de Vivre \u00e0 la Fran\u00e7aise et des clubs !\",\"breadcrumb\":{\"@id\":\"https:\/\/st-tropezvillas.fr\/fr\/appartements-a-louer-a-st-tropez\/#breadcrumb\"},\"inLanguage\":\"fr-FR\",\"potentialAction\":[{\"@type\":\"ReadAction\",\"target\":[\"https:\/\/st-tropezvillas.fr\/fr\/appartements-a-louer-a-st-tropez\/\"]}]},{\"@type\":\"ImageObject\",\"inLanguage\":\"fr-FR\",\"@id\":\"https:\/\/st-tropezvillas.fr\/fr\/appartements-a-louer-a-st-tropez\/#primaryimage\",\"url\":\"https:\/\/st-tropezvillas.fr\/wp-content\/uploads\/2022\/04\/St-Tropez-Village-scaled.jpg\",\"contentUrl\":\"https:\/\/st-tropezvillas.fr\/wp-content\/uploads\/2022\/04\/St-Tropez-Village-scaled.jpg\",\"width\":2560,\"height\":1438},{\"@type\":\"BreadcrumbList\",\"@id\":\"https:\/\/st-tropezvillas.fr\/fr\/appartements-a-louer-a-st-tropez\/#breadcrumb\",\"itemListElement\":[{\"@type\":\"ListItem\",\"position\":1,\"name\":\"Home\",\"item\":\"https:\/\/st-tropezvillas.fr\/fr\/\"},{\"@type\":\"ListItem\",\"position\":2,\"name\":\"Appartements \u00e0 louer \u00e0 St-Tropez\"}]},{\"@type\":\"WebSite\",\"@id\":\"https:\/\/st-tropezvillas.fr\/fr\/#website\",\"url\":\"https:\/\/st-tropezvillas.fr\/fr\/\",\"name\":\"St. Tropez Villas\",\"description\":\"St. Tropez Villas Rental\",\"publisher\":{\"@id\":\"https:\/\/st-tropezvillas.fr\/fr\/#organization\"},\"alternateName\":\"STV\",\"potentialAction\":[{\"@type\":\"SearchAction\",\"target\":{\"@type\":\"EntryPoint\",\"urlTemplate\":\"https:\/\/st-tropezvillas.fr\/fr\/?s={search_term_string}\"},\"query-input\":{\"@type\":\"PropertyValueSpecification\",\"valueRequired\":true,\"valueName\":\"search_term_string\"}}],\"inLanguage\":\"fr-FR\"},{\"@type\":\"Organization\",\"@id\":\"https:\/\/st-tropezvillas.fr\/fr\/#organization\",\"name\":\"St. Tropez Villas\",\"url\":\"https:\/\/st-tropezvillas.fr\/fr\/\",\"logo\":{\"@type\":\"ImageObject\",\"inLanguage\":\"fr-FR\",\"@id\":\"https:\/\/st-tropezvillas.fr\/fr\/#\/schema\/logo\/image\/\",\"url\":\"\",\"contentUrl\":\"\",\"caption\":\"St. Tropez Villas\"},\"image\":{\"@id\":\"https:\/\/st-tropezvillas.fr\/fr\/#\/schema\/logo\/image\/\"}}]}<\/script>\n<!-- \/ Yoast SEO plugin. -->","yoast_head_json":{"title":"Appartements \u00e0 louer \u00e0 St Tropez - St. Tropez Villas.","description":"D\u00e9couvrez votre prochain appartement \u00e0 louer \u00e0 St Tropez cet \u00e9t\u00e9, l'endroit id\u00e9al pour profiter de l'Art de Vivre \u00e0 la Fran\u00e7aise et des clubs !","robots":{"index":"index","follow":"follow","max-snippet":"max-snippet:-1","max-image-preview":"max-image-preview:large","max-video-preview":"max-video-preview:-1"},"og_locale":"fr_FR","og_type":"article","og_title":"Appartements \u00e0 louer \u00e0 St Tropez - St. Tropez Villas.","og_description":"D\u00e9couvrez votre prochain appartement \u00e0 louer \u00e0 St Tropez cet \u00e9t\u00e9, l'endroit id\u00e9al pour profiter de l'Art de Vivre \u00e0 la Fran\u00e7aise et des clubs !","og_url":"https:\/\/st-tropezvillas.fr\/fr\/appartements-a-louer-a-st-tropez\/","og_site_name":"St. Tropez Villas","article_modified_time":"2023-10-30T16:23:11+00:00","og_image":[{"width":2560,"height":1438,"url":"https:\/\/st-tropezvillas.fr\/wp-content\/uploads\/2022\/04\/St-Tropez-Village-scaled.jpg","type":"image\/jpeg"}],"twitter_card":"summary_large_image","schema":{"@context":"https:\/\/schema.org","@graph":[{"@type":"WebPage","@id":"https:\/\/st-tropezvillas.fr\/fr\/appartements-a-louer-a-st-tropez\/","url":"https:\/\/st-tropezvillas.fr\/fr\/appartements-a-louer-a-st-tropez\/","name":"Appartements \u00e0 louer \u00e0 St Tropez - St. Tropez Villas.","isPartOf":{"@id":"https:\/\/st-tropezvillas.fr\/fr\/#website"},"primaryImageOfPage":{"@id":"https:\/\/st-tropezvillas.fr\/fr\/appartements-a-louer-a-st-tropez\/#primaryimage"},"image":{"@id":"https:\/\/st-tropezvillas.fr\/fr\/appartements-a-louer-a-st-tropez\/#primaryimage"},"thumbnailUrl":"https:\/\/st-tropezvillas.fr\/wp-content\/uploads\/2022\/04\/St-Tropez-Village-scaled.jpg","datePublished":"2022-02-19T13:59:02+00:00","dateModified":"2023-10-30T16:23:11+00:00","description":"D\u00e9couvrez votre prochain appartement \u00e0 louer \u00e0 St Tropez cet \u00e9t\u00e9, l'endroit id\u00e9al pour profiter de l'Art de Vivre \u00e0 la Fran\u00e7aise et des clubs !","breadcrumb":{"@id":"https:\/\/st-tropezvillas.fr\/fr\/appartements-a-louer-a-st-tropez\/#breadcrumb"},"inLanguage":"fr-FR","potentialAction":[{"@type":"ReadAction","target":["https:\/\/st-tropezvillas.fr\/fr\/appartements-a-louer-a-st-tropez\/"]}]},{"@type":"ImageObject","inLanguage":"fr-FR","@id":"https:\/\/st-tropezvillas.fr\/fr\/appartements-a-louer-a-st-tropez\/#primaryimage","url":"https:\/\/st-tropezvillas.fr\/wp-content\/uploads\/2022\/04\/St-Tropez-Village-scaled.jpg","contentUrl":"https:\/\/st-tropezvillas.fr\/wp-content\/uploads\/2022\/04\/St-Tropez-Village-scaled.jpg","width":2560,"height":1438},{"@type":"BreadcrumbList","@id":"https:\/\/st-tropezvillas.fr\/fr\/appartements-a-louer-a-st-tropez\/#breadcrumb","itemListElement":[{"@type":"ListItem","position":1,"name":"Home","item":"https:\/\/st-tropezvillas.fr\/fr\/"},{"@type":"ListItem","position":2,"name":"Appartements \u00e0 louer \u00e0 St-Tropez"}]},{"@type":"WebSite","@id":"https:\/\/st-tropezvillas.fr\/fr\/#website","url":"https:\/\/st-tropezvillas.fr\/fr\/","name":"St. Tropez Villas","description":"St. Tropez Villas Rental","publisher":{"@id":"https:\/\/st-tropezvillas.fr\/fr\/#organization"},"alternateName":"STV","potentialAction":[{"@type":"SearchAction","target":{"@type":"EntryPoint","urlTemplate":"https:\/\/st-tropezvillas.fr\/fr\/?s={search_term_string}"},"query-input":{"@type":"PropertyValueSpecification","valueRequired":true,"valueName":"search_term_string"}}],"inLanguage":"fr-FR"},{"@type":"Organization","@id":"https:\/\/st-tropezvillas.fr\/fr\/#organization","name":"St. Tropez Villas","url":"https:\/\/st-tropezvillas.fr\/fr\/","logo":{"@type":"ImageObject","inLanguage":"fr-FR","@id":"https:\/\/st-tropezvillas.fr\/fr\/#\/schema\/logo\/image\/","url":"","contentUrl":"","caption":"St. Tropez Villas"},"image":{"@id":"https:\/\/st-tropezvillas.fr\/fr\/#\/schema\/logo\/image\/"}}]}},"distributor_meta":false,"distributor_terms":false,"distributor_media":false,"distributor_original_site_name":"St. Tropez Villas","distributor_original_site_url":"https:\/\/st-tropezvillas.fr\/fr\/","push-errors":false,"_links":{"self":[{"href":"https:\/\/st-tropezvillas.fr\/fr\/wp-json\/wp\/v2\/pages\/9275"}],"collection":[{"href":"https:\/\/st-tropezvillas.fr\/fr\/wp-json\/wp\/v2\/pages"}],"about":[{"href":"https:\/\/st-tropezvillas.fr\/fr\/wp-json\/wp\/v2\/types\/page"}],"author":[{"embeddable":true,"href":"https:\/\/st-tropezvillas.fr\/fr\/wp-json\/wp\/v2\/users\/2"}],"replies":[{"embeddable":true,"href":"https:\/\/st-tropezvillas.fr\/fr\/wp-json\/wp\/v2\/comments?post=9275"}],"version-history":[{"count":3,"href":"https:\/\/st-tropezvillas.fr\/fr\/wp-json\/wp\/v2\/pages\/9275\/revisions"}],"predecessor-version":[{"id":9358,"href":"https:\/\/st-tropezvillas.fr\/fr\/wp-json\/wp\/v2\/pages\/9275\/revisions\/9358"}],"wp:featuredmedia":[{"embeddable":true,"href":"https:\/\/st-tropezvillas.fr\/fr\/wp-json\/wp\/v2\/media\/4527"}],"wp:attachment":[{"href":"https:\/\/st-tropezvillas.fr\/fr\/wp-json\/wp\/v2\/media?parent=9275"}],"curies":[{"name":"wp","href":"https:\/\/api.w.org\/{rel}","templated":true}]}}