{"id":9085,"date":"2022-01-16T18:12:26","date_gmt":"2022-01-16T18:12:26","guid":{"rendered":"https:\/\/st-tropezvillas.fr\/yachts\/"},"modified":"2024-01-26T16:58:17","modified_gmt":"2024-01-26T16:58:17","slug":"yachts","status":"publish","type":"page","link":"https:\/\/st-tropezvillas.fr\/fr\/concierge\/yachts\/","title":{"rendered":"Yachts"},"content":{"rendered":"\t\t<div data-elementor-type=\"wp-page\" data-elementor-id=\"9085\" class=\"elementor elementor-9085\" data-elementor-post-type=\"page\">\n\t\t\t\t\t\t<section class=\"elementor-section elementor-top-section elementor-element elementor-element-4d1a7b2 elementor-section-height-min-height elementor-section-boxed elementor-section-height-default elementor-section-items-middle\" data-id=\"4d1a7b2\" data-element_type=\"section\" data-e-type=\"section\" data-settings=\"{&quot;background_background&quot;:&quot;classic&quot;}\">\n\t\t\t\t\t\t<div class=\"elementor-container elementor-column-gap-default\">\n\t\t\t\t\t<div class=\"elementor-column elementor-col-100 elementor-top-column elementor-element elementor-element-c1533da\" data-id=\"c1533da\" data-element_type=\"column\" data-e-type=\"column\">\n\t\t\t<div class=\"elementor-widget-wrap elementor-element-populated\">\n\t\t\t\t\t\t<div class=\"elementor-element elementor-element-1f60992 elementor-widget elementor-widget-heading\" data-id=\"1f60992\" data-element_type=\"widget\" data-e-type=\"widget\" data-widget_type=\"heading.default\">\n\t\t\t\t<div class=\"elementor-widget-container\">\n\t\t\t\t\t<h1 class=\"elementor-heading-title elementor-size-default\">YACHTS<\/h1>\t\t\t\t<\/div>\n\t\t\t\t<\/div>\n\t\t\t\t\t<\/div>\n\t\t<\/div>\n\t\t\t\t\t<\/div>\n\t\t<\/section>\n\t\t\t\t<section class=\"elementor-section elementor-top-section elementor-element elementor-element-1ed6991 elementor-reverse-mobile elementor-section-boxed elementor-section-height-default elementor-section-height-default\" data-id=\"1ed6991\" data-element_type=\"section\" data-e-type=\"section\">\n\t\t\t\t\t\t<div class=\"elementor-container elementor-column-gap-default\">\n\t\t\t\t\t<div class=\"elementor-column elementor-col-50 elementor-top-column elementor-element elementor-element-37a1a14\" data-id=\"37a1a14\" data-element_type=\"column\" data-e-type=\"column\">\n\t\t\t<div class=\"elementor-widget-wrap elementor-element-populated\">\n\t\t\t\t\t\t<div class=\"elementor-element elementor-element-fb6d19a elementor-widget elementor-widget-image\" data-id=\"fb6d19a\" data-element_type=\"widget\" data-e-type=\"widget\" data-widget_type=\"image.default\">\n\t\t\t\t<div class=\"elementor-widget-container\">\n\t\t\t\t\t\t\t\t\t\t\t\t\t\t\t<img decoding=\"async\" src=\"https:\/\/p6f.1fa.myftpupload.com\/wp-content\/uploads\/2022\/01\/Yachts-in-Cannes.jpg\" title=\"\" alt=\"Yachts in Cannes\" loading=\"lazy\" \/>\t\t\t\t\t\t\t\t\t\t\t\t\t\t\t<\/div>\n\t\t\t\t<\/div>\n\t\t\t\t\t<\/div>\n\t\t<\/div>\n\t\t\t\t<div class=\"elementor-column elementor-col-50 elementor-top-column elementor-element elementor-element-ad1228c\" data-id=\"ad1228c\" data-element_type=\"column\" data-e-type=\"column\">\n\t\t\t<div class=\"elementor-widget-wrap elementor-element-populated\">\n\t\t\t\t\t\t<div class=\"elementor-element elementor-element-13ac408 elementor-widget elementor-widget-heading\" data-id=\"13ac408\" data-element_type=\"widget\" data-e-type=\"widget\" data-widget_type=\"heading.default\">\n\t\t\t\t<div class=\"elementor-widget-container\">\n\t\t\t\t\t<h2 class=\"elementor-heading-title elementor-size-default\">Location de bateaux \u00e0 St Tropez<\/h2>\t\t\t\t<\/div>\n\t\t\t\t<\/div>\n\t\t\t\t<div class=\"elementor-element elementor-element-0750d77 elementor-widget elementor-widget-text-editor\" data-id=\"0750d77\" data-element_type=\"widget\" data-e-type=\"widget\" data-widget_type=\"text-editor.default\">\n\t\t\t\t<div class=\"elementor-widget-container\">\n\t\t\t\t\t\t\t\t\t<p>Contactez-nous pour r\u00e9server un yacht \u00e0 St-Tropez pendant votre s\u00e9jour dans l&rsquo;une de nos villas.<\/p>\n\t\t\t\t\t\t\t\t<\/div>\n\t\t\t\t<\/div>\n\t\t\t\t<div class=\"elementor-element elementor-element-10699c0 elementor-button-align-stretch elementor-widget elementor-widget-form\" data-id=\"10699c0\" data-element_type=\"widget\" data-e-type=\"widget\" data-settings=\"{&quot;step_next_label&quot;:&quot;Suivant&quot;,&quot;step_previous_label&quot;:&quot;Pr\\u00e9c\\u00e9dent&quot;,&quot;button_width&quot;:&quot;100&quot;,&quot;step_type&quot;:&quot;number_text&quot;,&quot;step_icon_shape&quot;:&quot;circle&quot;}\" data-widget_type=\"form.default\">\n\t\t\t\t<div class=\"elementor-widget-container\">\n\t\t\t\t\t\t\t<form class=\"elementor-form\" method=\"post\" name=\"Nouveau formulaire\" aria-label=\"Nouveau formulaire\">\n\t\t\t<input type=\"hidden\" name=\"post_id\" value=\"9085\"\/>\n\t\t\t<input type=\"hidden\" name=\"form_id\" value=\"10699c0\"\/>\n\t\t\t<input type=\"hidden\" name=\"referer_title\" value=\"St-Tropez Yachts \u00e0 louer - St. Tropez Villas.\" \/>\n\n\t\t\t\t\t\t\t<input type=\"hidden\" name=\"queried_id\" value=\"9085\"\/>\n\t\t\t\n\t\t\t<div class=\"elementor-form-fields-wrapper elementor-labels-above\">\n\t\t\t\t\t\t\t\t<div class=\"elementor-field-type-text elementor-field-group elementor-column elementor-field-group-name elementor-col-50\">\n\t\t\t\t\t\t\t\t\t\t\t\t<label for=\"form-field-name\" class=\"elementor-field-label\">\n\t\t\t\t\t\t\t\tPr\u00e9nom\t\t\t\t\t\t\t<\/label>\n\t\t\t\t\t\t\t\t\t\t\t\t\t\t<input size=\"1\" type=\"text\" name=\"form_fields[name]\" id=\"form-field-name\" class=\"elementor-field elementor-size-sm  elementor-field-textual\">\n\t\t\t\t\t\t\t\t\t\t\t<\/div>\n\t\t\t\t\t\t\t\t<div class=\"elementor-field-type-text elementor-field-group elementor-column elementor-field-group-field_2b582b1 elementor-col-50\">\n\t\t\t\t\t\t\t\t\t\t\t\t<label for=\"form-field-field_2b582b1\" class=\"elementor-field-label\">\n\t\t\t\t\t\t\t\tNom de famille\t\t\t\t\t\t\t<\/label>\n\t\t\t\t\t\t\t\t\t\t\t\t\t\t<input size=\"1\" type=\"text\" name=\"form_fields[field_2b582b1]\" id=\"form-field-field_2b582b1\" class=\"elementor-field elementor-size-sm  elementor-field-textual\">\n\t\t\t\t\t\t\t\t\t\t\t<\/div>\n\t\t\t\t\t\t\t\t<div class=\"elementor-field-type-email elementor-field-group elementor-column elementor-field-group-email elementor-col-100 elementor-field-required\">\n\t\t\t\t\t\t\t\t\t\t\t\t<label for=\"form-field-email\" class=\"elementor-field-label\">\n\t\t\t\t\t\t\t\tCourriel\t\t\t\t\t\t\t<\/label>\n\t\t\t\t\t\t\t\t\t\t\t\t\t\t<input size=\"1\" type=\"email\" name=\"form_fields[email]\" id=\"form-field-email\" class=\"elementor-field elementor-size-sm  elementor-field-textual\" required=\"required\">\n\t\t\t\t\t\t\t\t\t\t\t<\/div>\n\t\t\t\t\t\t\t\t<div class=\"elementor-field-type-date elementor-field-group elementor-column elementor-field-group-field_cc88c53 elementor-col-50\">\n\t\t\t\t\t\t\t\t\t\t\t\t<label for=\"form-field-field_cc88c53\" class=\"elementor-field-label\">\n\t\t\t\t\t\t\t\tDate de d\u00e9but\t\t\t\t\t\t\t<\/label>\n\t\t\t\t\t\t\n\t\t<input type=\"date\" name=\"form_fields[field_cc88c53]\" id=\"form-field-field_cc88c53\" class=\"elementor-field elementor-size-sm  elementor-field-textual elementor-date-field\" pattern=\"[0-9]{4}-[0-9]{2}-[0-9]{2}\">\n\t\t\t\t\t\t<\/div>\n\t\t\t\t\t\t\t\t<div class=\"elementor-field-type-date elementor-field-group elementor-column elementor-field-group-field_ddb36a8 elementor-col-50\">\n\t\t\t\t\t\t\t\t\t\t\t\t<label for=\"form-field-field_ddb36a8\" class=\"elementor-field-label\">\n\t\t\t\t\t\t\t\tDate de fin\t\t\t\t\t\t\t<\/label>\n\t\t\t\t\t\t\n\t\t<input type=\"date\" name=\"form_fields[field_ddb36a8]\" id=\"form-field-field_ddb36a8\" class=\"elementor-field elementor-size-sm  elementor-field-textual elementor-date-field\" pattern=\"[0-9]{4}-[0-9]{2}-[0-9]{2}\">\n\t\t\t\t\t\t<\/div>\n\t\t\t\t\t\t\t\t<div class=\"elementor-field-type-recaptcha_v3 elementor-field-group elementor-column elementor-field-group-field_f440036 elementor-col-100 recaptcha_v3-bottomright\">\n\t\t\t\t\t<div class=\"elementor-field\" id=\"form-field-field_f440036\"><div class=\"elementor-g-recaptcha\" data-sitekey=\"6LdZbzwjAAAAAF_msIa8CA-h43ZhSMxejVyAD5f_\" data-type=\"v3\" data-action=\"Form\" data-badge=\"bottomright\" data-size=\"invisible\"><\/div><\/div>\t\t\t\t<\/div>\n\t\t\t\t\t\t\t\t<div class=\"elementor-field-group elementor-column elementor-field-type-submit elementor-col-100 e-form__buttons\">\n\t\t\t\t\t<button class=\"elementor-button elementor-size-sm\" type=\"submit\">\n\t\t\t\t\t\t<span class=\"elementor-button-content-wrapper\">\n\t\t\t\t\t\t\t\t\t\t\t\t\t\t\t\t\t\t\t\t\t\t<span class=\"elementor-button-text\">ENQU\u00caTE<\/span>\n\t\t\t\t\t\t\t\t\t\t\t\t\t<\/span>\n\t\t\t\t\t<\/button>\n\t\t\t\t<\/div>\n\t\t\t<\/div>\n\t\t<\/form>\n\t\t\t\t\t\t<\/div>\n\t\t\t\t<\/div>\n\t\t\t\t\t<\/div>\n\t\t<\/div>\n\t\t\t\t\t<\/div>\n\t\t<\/section>\n\t\t\t\t<\/div>\n\t\t","protected":false},"excerpt":{"rendered":"<p>YACHTS Location de bateaux \u00e0 St Tropez Contactez-nous pour r\u00e9server un yacht \u00e0 St-Tropez pendant votre s\u00e9jour dans l&rsquo;une de nos villas.<\/p>\n","protected":false},"author":2,"featured_media":8865,"parent":9124,"menu_order":0,"comment_status":"closed","ping_status":"closed","template":"elementor_header_footer","meta":{"content-type":"","footnotes":""},"class_list":["post-9085","page","type-page","status-publish","has-post-thumbnail","hentry","entry"],"yoast_head":"<!-- This site is optimized with the Yoast SEO plugin v25.6 - https:\/\/yoast.com\/wordpress\/plugins\/seo\/ -->\n<title>St-Tropez Yachts \u00e0 louer - St. Tropez Villas.<\/title>\n<meta name=\"description\" content=\"Contactez l&#039;un de nos agents pour trouver le day yacht id\u00e9al pour vos vacances \u00e0 St-Tropez avec vos amis et votre famille.\" \/>\n<meta name=\"robots\" content=\"index, follow, max-snippet:-1, max-image-preview:large, max-video-preview:-1\" \/>\n<meta property=\"og:locale\" content=\"fr_FR\" \/>\n<meta property=\"og:type\" content=\"article\" \/>\n<meta property=\"og:title\" content=\"St-Tropez Yachts \u00e0 louer - St. Tropez Villas.\" \/>\n<meta property=\"og:description\" content=\"Contactez l&#039;un de nos agents pour trouver le day yacht id\u00e9al pour vos vacances \u00e0 St-Tropez avec vos amis et votre famille.\" \/>\n<meta property=\"og:url\" content=\"https:\/\/st-tropezvillas.fr\/fr\/concierge\/yachts\/\" \/>\n<meta property=\"og:site_name\" content=\"St. Tropez Villas\" \/>\n<meta property=\"article:modified_time\" content=\"2024-01-26T16:58:17+00:00\" \/>\n<meta property=\"og:image\" content=\"https:\/\/st-tropezvillas.fr\/wp-content\/uploads\/2023\/10\/Yacht-for-charter.jpg\" \/>\n\t<meta property=\"og:image:width\" content=\"2000\" \/>\n\t<meta property=\"og:image:height\" content=\"1333\" \/>\n\t<meta property=\"og:image:type\" content=\"image\/jpeg\" \/>\n<meta name=\"twitter:card\" content=\"summary_large_image\" \/>\n<script type=\"application\/ld+json\" class=\"yoast-schema-graph\">{\"@context\":\"https:\/\/schema.org\",\"@graph\":[{\"@type\":\"WebPage\",\"@id\":\"https:\/\/st-tropezvillas.fr\/fr\/concierge\/yachts\/\",\"url\":\"https:\/\/st-tropezvillas.fr\/fr\/concierge\/yachts\/\",\"name\":\"St-Tropez Yachts \u00e0 louer - St. Tropez Villas.\",\"isPartOf\":{\"@id\":\"https:\/\/st-tropezvillas.fr\/fr\/#website\"},\"primaryImageOfPage\":{\"@id\":\"https:\/\/st-tropezvillas.fr\/fr\/concierge\/yachts\/#primaryimage\"},\"image\":{\"@id\":\"https:\/\/st-tropezvillas.fr\/fr\/concierge\/yachts\/#primaryimage\"},\"thumbnailUrl\":\"https:\/\/st-tropezvillas.fr\/wp-content\/uploads\/2023\/10\/Yacht-for-charter.jpg\",\"datePublished\":\"2022-01-16T18:12:26+00:00\",\"dateModified\":\"2024-01-26T16:58:17+00:00\",\"description\":\"Contactez l'un de nos agents pour trouver le day yacht id\u00e9al pour vos vacances \u00e0 St-Tropez avec vos amis et votre famille.\",\"breadcrumb\":{\"@id\":\"https:\/\/st-tropezvillas.fr\/fr\/concierge\/yachts\/#breadcrumb\"},\"inLanguage\":\"fr-FR\",\"potentialAction\":[{\"@type\":\"ReadAction\",\"target\":[\"https:\/\/st-tropezvillas.fr\/fr\/concierge\/yachts\/\"]}]},{\"@type\":\"ImageObject\",\"inLanguage\":\"fr-FR\",\"@id\":\"https:\/\/st-tropezvillas.fr\/fr\/concierge\/yachts\/#primaryimage\",\"url\":\"https:\/\/st-tropezvillas.fr\/wp-content\/uploads\/2023\/10\/Yacht-for-charter.jpg\",\"contentUrl\":\"https:\/\/st-tropezvillas.fr\/wp-content\/uploads\/2023\/10\/Yacht-for-charter.jpg\",\"width\":2000,\"height\":1333},{\"@type\":\"BreadcrumbList\",\"@id\":\"https:\/\/st-tropezvillas.fr\/fr\/concierge\/yachts\/#breadcrumb\",\"itemListElement\":[{\"@type\":\"ListItem\",\"position\":1,\"name\":\"Home\",\"item\":\"https:\/\/st-tropezvillas.fr\/fr\/\"},{\"@type\":\"ListItem\",\"position\":2,\"name\":\"Concierge\",\"item\":\"https:\/\/st-tropezvillas.fr\/fr\/concierge\/\"},{\"@type\":\"ListItem\",\"position\":3,\"name\":\"Yachts\"}]},{\"@type\":\"WebSite\",\"@id\":\"https:\/\/st-tropezvillas.fr\/fr\/#website\",\"url\":\"https:\/\/st-tropezvillas.fr\/fr\/\",\"name\":\"St. Tropez Villas\",\"description\":\"St. Tropez Villas Rental\",\"publisher\":{\"@id\":\"https:\/\/st-tropezvillas.fr\/fr\/#organization\"},\"alternateName\":\"STV\",\"potentialAction\":[{\"@type\":\"SearchAction\",\"target\":{\"@type\":\"EntryPoint\",\"urlTemplate\":\"https:\/\/st-tropezvillas.fr\/fr\/?s={search_term_string}\"},\"query-input\":{\"@type\":\"PropertyValueSpecification\",\"valueRequired\":true,\"valueName\":\"search_term_string\"}}],\"inLanguage\":\"fr-FR\"},{\"@type\":\"Organization\",\"@id\":\"https:\/\/st-tropezvillas.fr\/fr\/#organization\",\"name\":\"St. Tropez Villas\",\"url\":\"https:\/\/st-tropezvillas.fr\/fr\/\",\"logo\":{\"@type\":\"ImageObject\",\"inLanguage\":\"fr-FR\",\"@id\":\"https:\/\/st-tropezvillas.fr\/fr\/#\/schema\/logo\/image\/\",\"url\":\"\",\"contentUrl\":\"\",\"caption\":\"St. Tropez Villas\"},\"image\":{\"@id\":\"https:\/\/st-tropezvillas.fr\/fr\/#\/schema\/logo\/image\/\"}}]}<\/script>\n<!-- \/ Yoast SEO plugin. -->","yoast_head_json":{"title":"St-Tropez Yachts \u00e0 louer - St. Tropez Villas.","description":"Contactez l'un de nos agents pour trouver le day yacht id\u00e9al pour vos vacances \u00e0 St-Tropez avec vos amis et votre famille.","robots":{"index":"index","follow":"follow","max-snippet":"max-snippet:-1","max-image-preview":"max-image-preview:large","max-video-preview":"max-video-preview:-1"},"og_locale":"fr_FR","og_type":"article","og_title":"St-Tropez Yachts \u00e0 louer - St. Tropez Villas.","og_description":"Contactez l'un de nos agents pour trouver le day yacht id\u00e9al pour vos vacances \u00e0 St-Tropez avec vos amis et votre famille.","og_url":"https:\/\/st-tropezvillas.fr\/fr\/concierge\/yachts\/","og_site_name":"St. Tropez Villas","article_modified_time":"2024-01-26T16:58:17+00:00","og_image":[{"width":2000,"height":1333,"url":"https:\/\/st-tropezvillas.fr\/wp-content\/uploads\/2023\/10\/Yacht-for-charter.jpg","type":"image\/jpeg"}],"twitter_card":"summary_large_image","schema":{"@context":"https:\/\/schema.org","@graph":[{"@type":"WebPage","@id":"https:\/\/st-tropezvillas.fr\/fr\/concierge\/yachts\/","url":"https:\/\/st-tropezvillas.fr\/fr\/concierge\/yachts\/","name":"St-Tropez Yachts \u00e0 louer - St. Tropez Villas.","isPartOf":{"@id":"https:\/\/st-tropezvillas.fr\/fr\/#website"},"primaryImageOfPage":{"@id":"https:\/\/st-tropezvillas.fr\/fr\/concierge\/yachts\/#primaryimage"},"image":{"@id":"https:\/\/st-tropezvillas.fr\/fr\/concierge\/yachts\/#primaryimage"},"thumbnailUrl":"https:\/\/st-tropezvillas.fr\/wp-content\/uploads\/2023\/10\/Yacht-for-charter.jpg","datePublished":"2022-01-16T18:12:26+00:00","dateModified":"2024-01-26T16:58:17+00:00","description":"Contactez l'un de nos agents pour trouver le day yacht id\u00e9al pour vos vacances \u00e0 St-Tropez avec vos amis et votre famille.","breadcrumb":{"@id":"https:\/\/st-tropezvillas.fr\/fr\/concierge\/yachts\/#breadcrumb"},"inLanguage":"fr-FR","potentialAction":[{"@type":"ReadAction","target":["https:\/\/st-tropezvillas.fr\/fr\/concierge\/yachts\/"]}]},{"@type":"ImageObject","inLanguage":"fr-FR","@id":"https:\/\/st-tropezvillas.fr\/fr\/concierge\/yachts\/#primaryimage","url":"https:\/\/st-tropezvillas.fr\/wp-content\/uploads\/2023\/10\/Yacht-for-charter.jpg","contentUrl":"https:\/\/st-tropezvillas.fr\/wp-content\/uploads\/2023\/10\/Yacht-for-charter.jpg","width":2000,"height":1333},{"@type":"BreadcrumbList","@id":"https:\/\/st-tropezvillas.fr\/fr\/concierge\/yachts\/#breadcrumb","itemListElement":[{"@type":"ListItem","position":1,"name":"Home","item":"https:\/\/st-tropezvillas.fr\/fr\/"},{"@type":"ListItem","position":2,"name":"Concierge","item":"https:\/\/st-tropezvillas.fr\/fr\/concierge\/"},{"@type":"ListItem","position":3,"name":"Yachts"}]},{"@type":"WebSite","@id":"https:\/\/st-tropezvillas.fr\/fr\/#website","url":"https:\/\/st-tropezvillas.fr\/fr\/","name":"St. Tropez Villas","description":"St. Tropez Villas Rental","publisher":{"@id":"https:\/\/st-tropezvillas.fr\/fr\/#organization"},"alternateName":"STV","potentialAction":[{"@type":"SearchAction","target":{"@type":"EntryPoint","urlTemplate":"https:\/\/st-tropezvillas.fr\/fr\/?s={search_term_string}"},"query-input":{"@type":"PropertyValueSpecification","valueRequired":true,"valueName":"search_term_string"}}],"inLanguage":"fr-FR"},{"@type":"Organization","@id":"https:\/\/st-tropezvillas.fr\/fr\/#organization","name":"St. Tropez Villas","url":"https:\/\/st-tropezvillas.fr\/fr\/","logo":{"@type":"ImageObject","inLanguage":"fr-FR","@id":"https:\/\/st-tropezvillas.fr\/fr\/#\/schema\/logo\/image\/","url":"","contentUrl":"","caption":"St. Tropez Villas"},"image":{"@id":"https:\/\/st-tropezvillas.fr\/fr\/#\/schema\/logo\/image\/"}}]}},"distributor_meta":false,"distributor_terms":false,"distributor_media":false,"distributor_original_site_name":"St. Tropez Villas","distributor_original_site_url":"https:\/\/st-tropezvillas.fr\/fr\/","push-errors":false,"_links":{"self":[{"href":"https:\/\/st-tropezvillas.fr\/fr\/wp-json\/wp\/v2\/pages\/9085"}],"collection":[{"href":"https:\/\/st-tropezvillas.fr\/fr\/wp-json\/wp\/v2\/pages"}],"about":[{"href":"https:\/\/st-tropezvillas.fr\/fr\/wp-json\/wp\/v2\/types\/page"}],"author":[{"embeddable":true,"href":"https:\/\/st-tropezvillas.fr\/fr\/wp-json\/wp\/v2\/users\/2"}],"replies":[{"embeddable":true,"href":"https:\/\/st-tropezvillas.fr\/fr\/wp-json\/wp\/v2\/comments?post=9085"}],"version-history":[{"count":2,"href":"https:\/\/st-tropezvillas.fr\/fr\/wp-json\/wp\/v2\/pages\/9085\/revisions"}],"predecessor-version":[{"id":9113,"href":"https:\/\/st-tropezvillas.fr\/fr\/wp-json\/wp\/v2\/pages\/9085\/revisions\/9113"}],"up":[{"embeddable":true,"href":"https:\/\/st-tropezvillas.fr\/fr\/wp-json\/wp\/v2\/pages\/9124"}],"wp:featuredmedia":[{"embeddable":true,"href":"https:\/\/st-tropezvillas.fr\/fr\/wp-json\/wp\/v2\/media\/8865"}],"wp:attachment":[{"href":"https:\/\/st-tropezvillas.fr\/fr\/wp-json\/wp\/v2\/media?parent=9085"}],"curies":[{"name":"wp","href":"https:\/\/api.w.org\/{rel}","templated":true}]}}