{"id":13997,"date":"2024-05-19T10:40:24","date_gmt":"2024-05-19T10:40:24","guid":{"rendered":"https:\/\/st-tropezvillas.fr\/8-chambres\/"},"modified":"2024-05-19T10:44:42","modified_gmt":"2024-05-19T10:44:42","slug":"8-chambres","status":"publish","type":"page","link":"https:\/\/st-tropezvillas.fr\/fr\/8-chambres\/","title":{"rendered":"8 Chambres"},"content":{"rendered":"\t\t<div data-elementor-type=\"wp-page\" data-elementor-id=\"13997\" class=\"elementor elementor-13997\" data-elementor-post-type=\"page\">\n\t\t\t\t\t\t<section class=\"elementor-section elementor-top-section elementor-element elementor-element-7775676 elementor-section-height-min-height elementor-section-boxed elementor-section-height-default elementor-section-items-middle\" data-id=\"7775676\" data-element_type=\"section\" data-e-type=\"section\" data-settings=\"{&quot;background_background&quot;:&quot;classic&quot;}\">\n\t\t\t\t\t\t<div class=\"elementor-container elementor-column-gap-default\">\n\t\t\t\t\t<div class=\"elementor-column elementor-col-100 elementor-top-column elementor-element elementor-element-9cb90af\" data-id=\"9cb90af\" data-element_type=\"column\" data-e-type=\"column\">\n\t\t\t<div class=\"elementor-widget-wrap elementor-element-populated\">\n\t\t\t\t\t\t<div class=\"elementor-element elementor-element-bc06590 elementor-widget elementor-widget-heading\" data-id=\"bc06590\" data-element_type=\"widget\" data-e-type=\"widget\" data-widget_type=\"heading.default\">\n\t\t\t\t<div class=\"elementor-widget-container\">\n\t\t\t\t\t<h2 class=\"elementor-heading-title elementor-size-default\">Location de 8 chambres<\/h2>\t\t\t\t<\/div>\n\t\t\t\t<\/div>\n\t\t\t\t\t<\/div>\n\t\t<\/div>\n\t\t\t\t\t<\/div>\n\t\t<\/section>\n\t\t\t\t<section class=\"elementor-section elementor-top-section elementor-element elementor-element-9da68ef elementor-section-boxed elementor-section-height-default elementor-section-height-default\" data-id=\"9da68ef\" data-element_type=\"section\" data-e-type=\"section\">\n\t\t\t\t\t\t<div class=\"elementor-container elementor-column-gap-default\">\n\t\t\t\t\t<div class=\"elementor-column elementor-col-100 elementor-top-column elementor-element elementor-element-6726422\" data-id=\"6726422\" data-element_type=\"column\" data-e-type=\"column\">\n\t\t\t<div class=\"elementor-widget-wrap elementor-element-populated\">\n\t\t\t\t\t\t<div class=\"elementor-element elementor-element-61f4c80 elementor-widget elementor-widget-heading\" data-id=\"61f4c80\" data-element_type=\"widget\" data-e-type=\"widget\" data-widget_type=\"heading.default\">\n\t\t\t\t<div class=\"elementor-widget-container\">\n\t\t\t\t\t<h1 class=\"elementor-heading-title elementor-size-default\">8 Chambres Villas St Tropez<\/h1>\t\t\t\t<\/div>\n\t\t\t\t<\/div>\n\t\t\t\t<div class=\"elementor-element elementor-element-f341bd7 elementor-widget elementor-widget-text-editor\" data-id=\"f341bd7\" data-element_type=\"widget\" data-e-type=\"widget\" data-widget_type=\"text-editor.default\">\n\t\t\t\t<div class=\"elementor-widget-container\">\n\t\t\t\t\t\t\t\t\t<p>Offrez-vous le summum du luxe gr\u00e2ce \u00e0 notre s\u00e9lection exclusive de villas de huit chambres \u00e0 coucher \u00e0 Saint-Tropez, pr\u00e9sent\u00e9es par Saint-Tropez Villas. Id\u00e9ales pour les familles nombreuses ou les groupes, ces vastes propri\u00e9t\u00e9s offrent un confort et un raffinement in\u00e9gal\u00e9s. Chaque villa pr\u00e9sente des int\u00e9rieurs m\u00e9ticuleusement con\u00e7us, comprenant des espaces de vie spacieux, des cuisines enti\u00e8rement \u00e9quip\u00e9es et des salles \u00e0 manger \u00e9l\u00e9gantes, le tout donnant sur des terrasses priv\u00e9es offrant une vue imprenable.<\/p>\n<p><\/p>\n<p>Nos villas de huit chambres sont \u00e9quip\u00e9es de piscines priv\u00e9es, de syst\u00e8mes de divertissement ultramodernes et de salles de bains privatives pour chaque chambre, garantissant ainsi une intimit\u00e9 et une commodit\u00e9 optimales. Les espaces ext\u00e9rieurs sont parfaits pour se d\u00e9tendre et se divertir, avec des jardins luxuriants, des chaises longues et des espaces de restauration en plein air pour savourer le style de vie m\u00e9diterran\u00e9en.<\/p>\n<p><\/p>\n<p>Situ\u00e9es dans des endroits privil\u00e9gi\u00e9s, ces villas permettent d&rsquo;acc\u00e9der facilement aux plages renomm\u00e9es de Saint-Tropez, aux clubs de plage exclusifs et \u00e0 la vie nocturne anim\u00e9e. Gr\u00e2ce \u00e0 notre service de conciergerie, chaque aspect de votre s\u00e9jour est g\u00e9r\u00e9 de mani\u00e8re experte, ce qui vous permet de vous immerger dans l&rsquo;exp\u00e9rience luxueuse de Saint-Tropez.<\/p>\n\t\t\t\t\t\t\t\t<\/div>\n\t\t\t\t<\/div>\n\t\t\t\t\t<\/div>\n\t\t<\/div>\n\t\t\t\t\t<\/div>\n\t\t<\/section>\n\t\t\t\t<section class=\"elementor-section elementor-top-section elementor-element elementor-element-70decb7 elementor-section-boxed elementor-section-height-default elementor-section-height-default\" data-id=\"70decb7\" data-element_type=\"section\" data-e-type=\"section\">\n\t\t\t\t\t\t<div class=\"elementor-container elementor-column-gap-default\">\n\t\t\t\t\t<div class=\"elementor-column elementor-col-100 elementor-top-column elementor-element elementor-element-8a6d6c1\" data-id=\"8a6d6c1\" data-element_type=\"column\" data-e-type=\"column\">\n\t\t\t<div class=\"elementor-widget-wrap elementor-element-populated\">\n\t\t\t\t\t\t<div class=\"elementor-element elementor-element-f5b93a2 elementor-widget elementor-widget-heading\" data-id=\"f5b93a2\" data-element_type=\"widget\" data-e-type=\"widget\" data-widget_type=\"heading.default\">\n\t\t\t\t<div class=\"elementor-widget-container\">\n\t\t\t\t\t<h3 class=\"elementor-heading-title elementor-size-default\">8 chambres villas \u00e0 louer \u00e0 St Tropez<\/h3>\t\t\t\t<\/div>\n\t\t\t\t<\/div>\n\t\t\t\t<div class=\"elementor-element elementor-element-1341b27 elementor-widget elementor-widget-text-editor\" data-id=\"1341b27\" data-element_type=\"widget\" data-e-type=\"widget\" data-widget_type=\"text-editor.default\">\n\t\t\t\t<div class=\"elementor-widget-container\">\n\t\t\t\t\t\t\t\t\t<p>Parcourez notre s\u00e9lection des meilleures villas de 8 chambres \u00e0 coucher \u00e0 St Tropez :<\/p>\n\t\t\t\t\t\t\t\t<\/div>\n\t\t\t\t<\/div>\n\t\t\t\t<div class=\"elementor-element elementor-element-99103da elementor-posts--align-center elementor-grid-3 elementor-grid-tablet-2 elementor-grid-mobile-1 elementor-posts--thumbnail-top elementor-card-shadow-yes elementor-posts__hover-gradient elementor-widget elementor-widget-posts\" data-id=\"99103da\" data-element_type=\"widget\" data-e-type=\"widget\" data-settings=\"{&quot;cards_masonry&quot;:&quot;yes&quot;,&quot;cards_columns&quot;:&quot;3&quot;,&quot;cards_columns_tablet&quot;:&quot;2&quot;,&quot;cards_columns_mobile&quot;:&quot;1&quot;,&quot;cards_row_gap&quot;:{&quot;unit&quot;:&quot;px&quot;,&quot;size&quot;:35,&quot;sizes&quot;:[]},&quot;cards_row_gap_tablet&quot;:{&quot;unit&quot;:&quot;px&quot;,&quot;size&quot;:&quot;&quot;,&quot;sizes&quot;:[]},&quot;cards_row_gap_mobile&quot;:{&quot;unit&quot;:&quot;px&quot;,&quot;size&quot;:&quot;&quot;,&quot;sizes&quot;:[]}}\" data-widget_type=\"posts.cards\">\n\t\t\t\t<div class=\"elementor-widget-container\">\n\t\t\t\t\t\t\t<div class=\"elementor-posts-container elementor-posts elementor-posts--skin-cards elementor-grid\" role=\"list\">\n\t\t\t\t<article class=\"elementor-post elementor-grid-item post-9441 villas type-villas status-publish has-post-thumbnail hentry location-les-marres amenities-cinema amenities-pool amenities-staff bedrooms-8-bedrooms entry\" role=\"listitem\">\n\t\t\t<div class=\"elementor-post__card\">\n\t\t\t\t<a class=\"elementor-post__thumbnail__link\" href=\"https:\/\/st-tropezvillas.fr\/fr\/rentals\/villa-mas\/\" tabindex=\"-1\" ><div class=\"elementor-post__thumbnail\"><img fetchpriority=\"high\" decoding=\"async\" width=\"750\" height=\"499\" src=\"https:\/\/st-tropezvillas.fr\/wp-content\/uploads\/2022\/07\/Villa-Mas-1-768x511.jpeg\" class=\"attachment-medium_large size-medium_large wp-image-8790\" alt=\"\" srcset=\"https:\/\/st-tropezvillas.fr\/wp-content\/uploads\/2022\/07\/Villa-Mas-1-768x511.jpeg 768w, https:\/\/st-tropezvillas.fr\/wp-content\/uploads\/2022\/07\/Villa-Mas-1-300x200.jpeg 300w, https:\/\/st-tropezvillas.fr\/wp-content\/uploads\/2022\/07\/Villa-Mas-1-1024x682.jpeg 1024w, https:\/\/st-tropezvillas.fr\/wp-content\/uploads\/2022\/07\/Villa-Mas-1-1536x1023.jpeg 1536w, https:\/\/st-tropezvillas.fr\/wp-content\/uploads\/2022\/07\/Villa-Mas-1-1568x1044.jpeg 1568w, https:\/\/st-tropezvillas.fr\/wp-content\/uploads\/2022\/07\/Villa-Mas-1.jpeg 2000w\" sizes=\"(max-width: 750px) 100vw, 750px\" style=\"width:100%;height:66.6%;max-width:2000px;\" \/><\/div><\/a>\n\t\t\t\t<div class=\"elementor-post__text\">\n\t\t\t\t<h3 class=\"elementor-post__title\">\n\t\t\t<a href=\"https:\/\/st-tropezvillas.fr\/fr\/rentals\/villa-mas\/\" >\n\t\t\t\tVilla Mas\t\t\t<\/a>\n\t\t<\/h3>\n\t\t\t\t<div class=\"elementor-post__excerpt\">\n\t\t\t<p>600m\u00b2 &#8211; 8 Chambres &#8211; \u20ac32,000<\/p>\n\t\t<\/div>\n\t\t\t\t<\/div>\n\t\t\t\t\t<\/div>\n\t\t<\/article>\n\t\t\t\t<article class=\"elementor-post elementor-grid-item post-9458 villas type-villas status-publish has-post-thumbnail hentry tag-luxe location-tahiti amenities-cinema amenities-garage amenities-gym amenities-pool amenities-staff bedrooms-8-bedrooms entry\" role=\"listitem\">\n\t\t\t<div class=\"elementor-post__card\">\n\t\t\t\t<a class=\"elementor-post__thumbnail__link\" href=\"https:\/\/st-tropezvillas.fr\/fr\/rentals\/villa-anahita\/\" tabindex=\"-1\" ><div class=\"elementor-post__thumbnail\"><img decoding=\"async\" width=\"750\" height=\"500\" src=\"https:\/\/st-tropezvillas.fr\/wp-content\/uploads\/2022\/07\/Villa-Ania-5-768x512.jpg\" class=\"attachment-medium_large size-medium_large wp-image-6141\" alt=\"\" srcset=\"https:\/\/st-tropezvillas.fr\/wp-content\/uploads\/2022\/07\/Villa-Ania-5-768x512.jpg 768w, https:\/\/st-tropezvillas.fr\/wp-content\/uploads\/2022\/07\/Villa-Ania-5-300x200.jpg 300w, https:\/\/st-tropezvillas.fr\/wp-content\/uploads\/2022\/07\/Villa-Ania-5-1024x683.jpg 1024w, https:\/\/st-tropezvillas.fr\/wp-content\/uploads\/2022\/07\/Villa-Ania-5-1536x1025.jpg 1536w, https:\/\/st-tropezvillas.fr\/wp-content\/uploads\/2022\/07\/Villa-Ania-5-1568x1046.jpg 1568w, https:\/\/st-tropezvillas.fr\/wp-content\/uploads\/2022\/07\/Villa-Ania-5.jpg 2000w\" sizes=\"(max-width: 750px) 100vw, 750px\" style=\"width:100%;height:66.7%;max-width:2000px;\" \/><\/div><\/a>\n\t\t\t\t<div class=\"elementor-post__text\">\n\t\t\t\t<h3 class=\"elementor-post__title\">\n\t\t\t<a href=\"https:\/\/st-tropezvillas.fr\/fr\/rentals\/villa-anahita\/\" >\n\t\t\t\tVilla Anahita\t\t\t<\/a>\n\t\t<\/h3>\n\t\t\t\t<div class=\"elementor-post__excerpt\">\n\t\t\t<p>750m\u00b2 &#8211; 8 Chambres &#8211; \u20ac90,000<\/p>\n\t\t<\/div>\n\t\t\t\t<\/div>\n\t\t\t\t\t<\/div>\n\t\t<\/article>\n\t\t\t\t<\/div>\n\t\t\n\t\t\t\t\t\t<\/div>\n\t\t\t\t<\/div>\n\t\t\t\t\t<\/div>\n\t\t<\/div>\n\t\t\t\t\t<\/div>\n\t\t<\/section>\n\t\t\t\t<\/div>\n\t\t","protected":false},"excerpt":{"rendered":"<p>Location de 8 chambres 8 Chambres Villas St Tropez Offrez-vous le summum du luxe gr\u00e2ce \u00e0 notre s\u00e9lection exclusive de villas de huit chambres \u00e0 coucher \u00e0 Saint-Tropez, pr\u00e9sent\u00e9es par Saint-Tropez Villas. Id\u00e9ales pour les familles nombreuses ou les groupes, ces vastes propri\u00e9t\u00e9s offrent un confort et un raffinement in\u00e9gal\u00e9s. Chaque villa pr\u00e9sente des int\u00e9rieurs&hellip; <a class=\"more-link\" href=\"https:\/\/st-tropezvillas.fr\/fr\/rentals\/villa-anahita\/\">Poursuivre la lecture <span class=\"screen-reader-text\">Villa Anahita<\/span><\/a><\/p>\n","protected":false},"author":2,"featured_media":10543,"parent":0,"menu_order":0,"comment_status":"closed","ping_status":"closed","template":"elementor_header_footer","meta":{"content-type":"","footnotes":""},"class_list":["post-13997","page","type-page","status-publish","has-post-thumbnail","hentry","entry"],"yoast_head":"<!-- This site is optimized with the Yoast SEO plugin v25.6 - https:\/\/yoast.com\/wordpress\/plugins\/seo\/ -->\n<title>8 Chambres Villas St Tropez - St. Tropez Villas<\/title>\n<meta name=\"description\" content=\"D\u00e9couvrez votre prochaine location de villa de luxe \u00e0 St Tropez pour les vacances d&#039;\u00e9t\u00e9 et louez une maison \u00e0 St Tropez avec des amis.\" \/>\n<meta name=\"robots\" content=\"index, follow, max-snippet:-1, max-image-preview:large, max-video-preview:-1\" \/>\n<meta property=\"og:locale\" content=\"fr_FR\" \/>\n<meta property=\"og:type\" content=\"article\" \/>\n<meta property=\"og:title\" content=\"8 Chambres Villas St Tropez - St. Tropez Villas\" \/>\n<meta property=\"og:description\" content=\"D\u00e9couvrez votre prochaine location de villa de luxe \u00e0 St Tropez pour les vacances d&#039;\u00e9t\u00e9 et louez une maison \u00e0 St Tropez avec des amis.\" \/>\n<meta property=\"og:url\" content=\"https:\/\/st-tropezvillas.fr\/fr\/8-chambres\/\" \/>\n<meta property=\"og:site_name\" content=\"St. Tropez Villas\" \/>\n<meta property=\"article:modified_time\" content=\"2024-05-19T10:44:42+00:00\" \/>\n<meta property=\"og:image\" content=\"https:\/\/st-tropezvillas.fr\/wp-content\/uploads\/2024\/02\/Villa-Ramada-e1708009283435.webp\" \/>\n\t<meta property=\"og:image:width\" content=\"1500\" \/>\n\t<meta property=\"og:image:height\" content=\"1125\" \/>\n\t<meta property=\"og:image:type\" content=\"image\/webp\" \/>\n<meta name=\"twitter:card\" content=\"summary_large_image\" \/>\n<meta name=\"twitter:label1\" content=\"Dur\u00e9e de lecture estim\u00e9e\" \/>\n\t<meta name=\"twitter:data1\" content=\"1 minute\" \/>\n<script type=\"application\/ld+json\" class=\"yoast-schema-graph\">{\"@context\":\"https:\/\/schema.org\",\"@graph\":[{\"@type\":\"WebPage\",\"@id\":\"https:\/\/st-tropezvillas.fr\/fr\/8-chambres\/\",\"url\":\"https:\/\/st-tropezvillas.fr\/fr\/8-chambres\/\",\"name\":\"8 Chambres Villas St Tropez - St. Tropez Villas\",\"isPartOf\":{\"@id\":\"https:\/\/st-tropezvillas.fr\/fr\/#website\"},\"primaryImageOfPage\":{\"@id\":\"https:\/\/st-tropezvillas.fr\/fr\/8-chambres\/#primaryimage\"},\"image\":{\"@id\":\"https:\/\/st-tropezvillas.fr\/fr\/8-chambres\/#primaryimage\"},\"thumbnailUrl\":\"https:\/\/st-tropezvillas.fr\/wp-content\/uploads\/2024\/02\/Villa-Ramada-e1708009283435.webp\",\"datePublished\":\"2024-05-19T10:40:24+00:00\",\"dateModified\":\"2024-05-19T10:44:42+00:00\",\"description\":\"D\u00e9couvrez votre prochaine location de villa de luxe \u00e0 St Tropez pour les vacances d'\u00e9t\u00e9 et louez une maison \u00e0 St Tropez avec des amis.\",\"breadcrumb\":{\"@id\":\"https:\/\/st-tropezvillas.fr\/fr\/8-chambres\/#breadcrumb\"},\"inLanguage\":\"fr-FR\",\"potentialAction\":[{\"@type\":\"ReadAction\",\"target\":[\"https:\/\/st-tropezvillas.fr\/fr\/8-chambres\/\"]}]},{\"@type\":\"ImageObject\",\"inLanguage\":\"fr-FR\",\"@id\":\"https:\/\/st-tropezvillas.fr\/fr\/8-chambres\/#primaryimage\",\"url\":\"https:\/\/st-tropezvillas.fr\/wp-content\/uploads\/2024\/02\/Villa-Ramada-e1708009283435.webp\",\"contentUrl\":\"https:\/\/st-tropezvillas.fr\/wp-content\/uploads\/2024\/02\/Villa-Ramada-e1708009283435.webp\",\"width\":1500,\"height\":1125},{\"@type\":\"BreadcrumbList\",\"@id\":\"https:\/\/st-tropezvillas.fr\/fr\/8-chambres\/#breadcrumb\",\"itemListElement\":[{\"@type\":\"ListItem\",\"position\":1,\"name\":\"Home\",\"item\":\"https:\/\/st-tropezvillas.fr\/fr\/\"},{\"@type\":\"ListItem\",\"position\":2,\"name\":\"8 Chambres\"}]},{\"@type\":\"WebSite\",\"@id\":\"https:\/\/st-tropezvillas.fr\/fr\/#website\",\"url\":\"https:\/\/st-tropezvillas.fr\/fr\/\",\"name\":\"St. Tropez Villas\",\"description\":\"St. Tropez Villas Rental\",\"publisher\":{\"@id\":\"https:\/\/st-tropezvillas.fr\/fr\/#organization\"},\"alternateName\":\"STV\",\"potentialAction\":[{\"@type\":\"SearchAction\",\"target\":{\"@type\":\"EntryPoint\",\"urlTemplate\":\"https:\/\/st-tropezvillas.fr\/fr\/?s={search_term_string}\"},\"query-input\":{\"@type\":\"PropertyValueSpecification\",\"valueRequired\":true,\"valueName\":\"search_term_string\"}}],\"inLanguage\":\"fr-FR\"},{\"@type\":\"Organization\",\"@id\":\"https:\/\/st-tropezvillas.fr\/fr\/#organization\",\"name\":\"St. Tropez Villas\",\"url\":\"https:\/\/st-tropezvillas.fr\/fr\/\",\"logo\":{\"@type\":\"ImageObject\",\"inLanguage\":\"fr-FR\",\"@id\":\"https:\/\/st-tropezvillas.fr\/fr\/#\/schema\/logo\/image\/\",\"url\":\"\",\"contentUrl\":\"\",\"caption\":\"St. Tropez Villas\"},\"image\":{\"@id\":\"https:\/\/st-tropezvillas.fr\/fr\/#\/schema\/logo\/image\/\"}}]}<\/script>\n<!-- \/ Yoast SEO plugin. -->","yoast_head_json":{"title":"8 Chambres Villas St Tropez - St. Tropez Villas","description":"D\u00e9couvrez votre prochaine location de villa de luxe \u00e0 St Tropez pour les vacances d'\u00e9t\u00e9 et louez une maison \u00e0 St Tropez avec des amis.","robots":{"index":"index","follow":"follow","max-snippet":"max-snippet:-1","max-image-preview":"max-image-preview:large","max-video-preview":"max-video-preview:-1"},"og_locale":"fr_FR","og_type":"article","og_title":"8 Chambres Villas St Tropez - St. Tropez Villas","og_description":"D\u00e9couvrez votre prochaine location de villa de luxe \u00e0 St Tropez pour les vacances d'\u00e9t\u00e9 et louez une maison \u00e0 St Tropez avec des amis.","og_url":"https:\/\/st-tropezvillas.fr\/fr\/8-chambres\/","og_site_name":"St. Tropez Villas","article_modified_time":"2024-05-19T10:44:42+00:00","og_image":[{"width":1500,"height":1125,"url":"https:\/\/st-tropezvillas.fr\/wp-content\/uploads\/2024\/02\/Villa-Ramada-e1708009283435.webp","type":"image\/webp"}],"twitter_card":"summary_large_image","twitter_misc":{"Dur\u00e9e de lecture estim\u00e9e":"1 minute"},"schema":{"@context":"https:\/\/schema.org","@graph":[{"@type":"WebPage","@id":"https:\/\/st-tropezvillas.fr\/fr\/8-chambres\/","url":"https:\/\/st-tropezvillas.fr\/fr\/8-chambres\/","name":"8 Chambres Villas St Tropez - St. Tropez Villas","isPartOf":{"@id":"https:\/\/st-tropezvillas.fr\/fr\/#website"},"primaryImageOfPage":{"@id":"https:\/\/st-tropezvillas.fr\/fr\/8-chambres\/#primaryimage"},"image":{"@id":"https:\/\/st-tropezvillas.fr\/fr\/8-chambres\/#primaryimage"},"thumbnailUrl":"https:\/\/st-tropezvillas.fr\/wp-content\/uploads\/2024\/02\/Villa-Ramada-e1708009283435.webp","datePublished":"2024-05-19T10:40:24+00:00","dateModified":"2024-05-19T10:44:42+00:00","description":"D\u00e9couvrez votre prochaine location de villa de luxe \u00e0 St Tropez pour les vacances d'\u00e9t\u00e9 et louez une maison \u00e0 St Tropez avec des amis.","breadcrumb":{"@id":"https:\/\/st-tropezvillas.fr\/fr\/8-chambres\/#breadcrumb"},"inLanguage":"fr-FR","potentialAction":[{"@type":"ReadAction","target":["https:\/\/st-tropezvillas.fr\/fr\/8-chambres\/"]}]},{"@type":"ImageObject","inLanguage":"fr-FR","@id":"https:\/\/st-tropezvillas.fr\/fr\/8-chambres\/#primaryimage","url":"https:\/\/st-tropezvillas.fr\/wp-content\/uploads\/2024\/02\/Villa-Ramada-e1708009283435.webp","contentUrl":"https:\/\/st-tropezvillas.fr\/wp-content\/uploads\/2024\/02\/Villa-Ramada-e1708009283435.webp","width":1500,"height":1125},{"@type":"BreadcrumbList","@id":"https:\/\/st-tropezvillas.fr\/fr\/8-chambres\/#breadcrumb","itemListElement":[{"@type":"ListItem","position":1,"name":"Home","item":"https:\/\/st-tropezvillas.fr\/fr\/"},{"@type":"ListItem","position":2,"name":"8 Chambres"}]},{"@type":"WebSite","@id":"https:\/\/st-tropezvillas.fr\/fr\/#website","url":"https:\/\/st-tropezvillas.fr\/fr\/","name":"St. Tropez Villas","description":"St. Tropez Villas Rental","publisher":{"@id":"https:\/\/st-tropezvillas.fr\/fr\/#organization"},"alternateName":"STV","potentialAction":[{"@type":"SearchAction","target":{"@type":"EntryPoint","urlTemplate":"https:\/\/st-tropezvillas.fr\/fr\/?s={search_term_string}"},"query-input":{"@type":"PropertyValueSpecification","valueRequired":true,"valueName":"search_term_string"}}],"inLanguage":"fr-FR"},{"@type":"Organization","@id":"https:\/\/st-tropezvillas.fr\/fr\/#organization","name":"St. Tropez Villas","url":"https:\/\/st-tropezvillas.fr\/fr\/","logo":{"@type":"ImageObject","inLanguage":"fr-FR","@id":"https:\/\/st-tropezvillas.fr\/fr\/#\/schema\/logo\/image\/","url":"","contentUrl":"","caption":"St. Tropez Villas"},"image":{"@id":"https:\/\/st-tropezvillas.fr\/fr\/#\/schema\/logo\/image\/"}}]}},"distributor_meta":false,"distributor_terms":false,"distributor_media":false,"distributor_original_site_name":"St. Tropez Villas","distributor_original_site_url":"https:\/\/st-tropezvillas.fr\/fr\/","push-errors":false,"_links":{"self":[{"href":"https:\/\/st-tropezvillas.fr\/fr\/wp-json\/wp\/v2\/pages\/13997"}],"collection":[{"href":"https:\/\/st-tropezvillas.fr\/fr\/wp-json\/wp\/v2\/pages"}],"about":[{"href":"https:\/\/st-tropezvillas.fr\/fr\/wp-json\/wp\/v2\/types\/page"}],"author":[{"embeddable":true,"href":"https:\/\/st-tropezvillas.fr\/fr\/wp-json\/wp\/v2\/users\/2"}],"replies":[{"embeddable":true,"href":"https:\/\/st-tropezvillas.fr\/fr\/wp-json\/wp\/v2\/comments?post=13997"}],"version-history":[{"count":1,"href":"https:\/\/st-tropezvillas.fr\/fr\/wp-json\/wp\/v2\/pages\/13997\/revisions"}],"predecessor-version":[{"id":13999,"href":"https:\/\/st-tropezvillas.fr\/fr\/wp-json\/wp\/v2\/pages\/13997\/revisions\/13999"}],"wp:featuredmedia":[{"embeddable":true,"href":"https:\/\/st-tropezvillas.fr\/fr\/wp-json\/wp\/v2\/media\/10543"}],"wp:attachment":[{"href":"https:\/\/st-tropezvillas.fr\/fr\/wp-json\/wp\/v2\/media?parent=13997"}],"curies":[{"name":"wp","href":"https:\/\/api.w.org\/{rel}","templated":true}]}}