{"id":13955,"date":"2024-05-19T10:33:31","date_gmt":"2024-05-19T10:33:31","guid":{"rendered":"https:\/\/st-tropezvillas.fr\/4-chambres\/"},"modified":"2024-05-19T10:35:58","modified_gmt":"2024-05-19T10:35:58","slug":"4-chambres","status":"publish","type":"page","link":"https:\/\/st-tropezvillas.fr\/fr\/4-chambres\/","title":{"rendered":"4 chambres"},"content":{"rendered":"\t\t<div data-elementor-type=\"wp-page\" data-elementor-id=\"13955\" class=\"elementor elementor-13955\" data-elementor-post-type=\"page\">\n\t\t\t\t\t\t<section class=\"elementor-section elementor-top-section elementor-element elementor-element-7775676 elementor-section-height-min-height elementor-section-boxed elementor-section-height-default elementor-section-items-middle\" data-id=\"7775676\" data-element_type=\"section\" data-e-type=\"section\" data-settings=\"{&quot;background_background&quot;:&quot;classic&quot;}\">\n\t\t\t\t\t\t<div class=\"elementor-container elementor-column-gap-default\">\n\t\t\t\t\t<div class=\"elementor-column elementor-col-100 elementor-top-column elementor-element elementor-element-9cb90af\" data-id=\"9cb90af\" data-element_type=\"column\" data-e-type=\"column\">\n\t\t\t<div class=\"elementor-widget-wrap elementor-element-populated\">\n\t\t\t\t\t\t<div class=\"elementor-element elementor-element-bc06590 elementor-widget elementor-widget-heading\" data-id=\"bc06590\" data-element_type=\"widget\" data-e-type=\"widget\" data-widget_type=\"heading.default\">\n\t\t\t\t<div class=\"elementor-widget-container\">\n\t\t\t\t\t<h2 class=\"elementor-heading-title elementor-size-default\">4 chambres \u00e0 coucher Location<\/h2>\t\t\t\t<\/div>\n\t\t\t\t<\/div>\n\t\t\t\t\t<\/div>\n\t\t<\/div>\n\t\t\t\t\t<\/div>\n\t\t<\/section>\n\t\t\t\t<section class=\"elementor-section elementor-top-section elementor-element elementor-element-9da68ef elementor-section-boxed elementor-section-height-default elementor-section-height-default\" data-id=\"9da68ef\" data-element_type=\"section\" data-e-type=\"section\">\n\t\t\t\t\t\t<div class=\"elementor-container elementor-column-gap-default\">\n\t\t\t\t\t<div class=\"elementor-column elementor-col-100 elementor-top-column elementor-element elementor-element-6726422\" data-id=\"6726422\" data-element_type=\"column\" data-e-type=\"column\">\n\t\t\t<div class=\"elementor-widget-wrap elementor-element-populated\">\n\t\t\t\t\t\t<div class=\"elementor-element elementor-element-61f4c80 elementor-widget elementor-widget-heading\" data-id=\"61f4c80\" data-element_type=\"widget\" data-e-type=\"widget\" data-widget_type=\"heading.default\">\n\t\t\t\t<div class=\"elementor-widget-container\">\n\t\t\t\t\t<h1 class=\"elementor-heading-title elementor-size-default\">4 Chambres Villas St Tropez<\/h1>\t\t\t\t<\/div>\n\t\t\t\t<\/div>\n\t\t\t\t<div class=\"elementor-element elementor-element-f341bd7 elementor-widget elementor-widget-text-editor\" data-id=\"f341bd7\" data-element_type=\"widget\" data-e-type=\"widget\" data-widget_type=\"text-editor.default\">\n\t\t\t\t<div class=\"elementor-widget-container\">\n\t\t\t\t\t\t\t\t\t<p>D\u00e9couvrez le summum du luxe et du confort avec notre s\u00e9lection de villas de quatre chambres \u00e0 Saint-Tropez, propos\u00e9es exclusivement par St. Chaque villa est m\u00e9ticuleusement con\u00e7ue pour offrir une exp\u00e9rience de vie in\u00e9gal\u00e9e, alliant les \u00e9quipements modernes au charme intemporel de la C\u00f4te d&rsquo;Azur. Id\u00e9ales pour les familles ou les groupes d&rsquo;amis, ces villas spacieuses pr\u00e9sentent des int\u00e9rieurs \u00e9l\u00e9gants, des cuisines enti\u00e8rement \u00e9quip\u00e9es et de vastes espaces de vie qui s&rsquo;ouvrent sur de superbes terrasses. Depuis votre espace ext\u00e9rieur priv\u00e9, vous b\u00e9n\u00e9ficiez d&rsquo;une vue imprenable sur la mer M\u00e9diterran\u00e9e, les jardins luxuriants ou le paysage anim\u00e9 de Saint-Tropez.<\/p>\n<p>Nos villas de quatre chambres r\u00e9pondent \u00e0 tous les besoins, avec des caract\u00e9ristiques telles que des piscines priv\u00e9es, des syst\u00e8mes de divertissement ultramodernes et des salles de bains luxueuses. Que vous recherchiez une retraite sereine ou un point de d\u00e9part pour explorer la vie nocturne anim\u00e9e et la gastronomie exquise qui font la r\u00e9putation de Saint-Tropez, nos villas constituent le cadre id\u00e9al. Situ\u00e9es dans des quartiers privil\u00e9gi\u00e9s, ces villas permettent d&rsquo;acc\u00e9der facilement \u00e0 des plages r\u00e9put\u00e9es, \u00e0 des clubs exclusifs et \u00e0 de charmants march\u00e9s locaux.<\/p>\n<p>Tropez Villas est fi\u00e8re de s\u00e9lectionner des propri\u00e9t\u00e9s qui incarnent l&rsquo;esprit de la vie de luxe. Gr\u00e2ce \u00e0 notre service de conciergerie, chaque d\u00e9tail de votre s\u00e9jour sera g\u00e9r\u00e9 en douceur, ce qui vous permettra de vous d\u00e9tendre et de profiter de l&rsquo;exp\u00e9rience ultime de Saint-Tropez.<\/p>\n\t\t\t\t\t\t\t\t<\/div>\n\t\t\t\t<\/div>\n\t\t\t\t\t<\/div>\n\t\t<\/div>\n\t\t\t\t\t<\/div>\n\t\t<\/section>\n\t\t\t\t<section class=\"elementor-section elementor-top-section elementor-element elementor-element-70decb7 elementor-section-boxed elementor-section-height-default elementor-section-height-default\" data-id=\"70decb7\" data-element_type=\"section\" data-e-type=\"section\">\n\t\t\t\t\t\t<div class=\"elementor-container elementor-column-gap-default\">\n\t\t\t\t\t<div class=\"elementor-column elementor-col-100 elementor-top-column elementor-element elementor-element-8a6d6c1\" data-id=\"8a6d6c1\" data-element_type=\"column\" data-e-type=\"column\">\n\t\t\t<div class=\"elementor-widget-wrap elementor-element-populated\">\n\t\t\t\t\t\t<div class=\"elementor-element elementor-element-f5b93a2 elementor-widget elementor-widget-heading\" data-id=\"f5b93a2\" data-element_type=\"widget\" data-e-type=\"widget\" data-widget_type=\"heading.default\">\n\t\t\t\t<div class=\"elementor-widget-container\">\n\t\t\t\t\t<h3 class=\"elementor-heading-title elementor-size-default\">Villas de 4 chambres \u00e0 louer \u00e0 St Tropez<\/h3>\t\t\t\t<\/div>\n\t\t\t\t<\/div>\n\t\t\t\t<div class=\"elementor-element elementor-element-1341b27 elementor-widget elementor-widget-text-editor\" data-id=\"1341b27\" data-element_type=\"widget\" data-e-type=\"widget\" data-widget_type=\"text-editor.default\">\n\t\t\t\t<div class=\"elementor-widget-container\">\n\t\t\t\t\t\t\t\t\t<p>Parcourez notre s\u00e9lection des meilleures villas de 4 chambres \u00e0 coucher \u00e0 St Tropez :<\/p>\n\t\t\t\t\t\t\t\t<\/div>\n\t\t\t\t<\/div>\n\t\t\t\t<div class=\"elementor-element elementor-element-99103da elementor-posts--align-center elementor-grid-3 elementor-grid-tablet-2 elementor-grid-mobile-1 elementor-posts--thumbnail-top elementor-card-shadow-yes elementor-posts__hover-gradient elementor-widget elementor-widget-posts\" data-id=\"99103da\" data-element_type=\"widget\" data-e-type=\"widget\" data-settings=\"{&quot;cards_masonry&quot;:&quot;yes&quot;,&quot;cards_columns&quot;:&quot;3&quot;,&quot;cards_columns_tablet&quot;:&quot;2&quot;,&quot;cards_columns_mobile&quot;:&quot;1&quot;,&quot;cards_row_gap&quot;:{&quot;unit&quot;:&quot;px&quot;,&quot;size&quot;:35,&quot;sizes&quot;:[]},&quot;cards_row_gap_tablet&quot;:{&quot;unit&quot;:&quot;px&quot;,&quot;size&quot;:&quot;&quot;,&quot;sizes&quot;:[]},&quot;cards_row_gap_mobile&quot;:{&quot;unit&quot;:&quot;px&quot;,&quot;size&quot;:&quot;&quot;,&quot;sizes&quot;:[]}}\" data-widget_type=\"posts.cards\">\n\t\t\t\t<div class=\"elementor-widget-container\">\n\t\t\t\t\t\t\t<div class=\"elementor-posts-container elementor-posts elementor-posts--skin-cards elementor-grid\" role=\"list\">\n\t\t\t\t<article class=\"elementor-post elementor-grid-item post-14371 villas type-villas status-publish has-post-thumbnail hentry location-gassin amenities-garage amenities-pool bedrooms-4-bedrooms entry\" role=\"listitem\">\n\t\t\t<div class=\"elementor-post__card\">\n\t\t\t\t<a class=\"elementor-post__thumbnail__link\" href=\"https:\/\/st-tropezvillas.fr\/fr\/rentals\/villa-paula\/\" tabindex=\"-1\" ><div class=\"elementor-post__thumbnail\"><img fetchpriority=\"high\" decoding=\"async\" width=\"750\" height=\"503\" src=\"https:\/\/st-tropezvillas.fr\/wp-content\/uploads\/2024\/06\/image-768x515-1.jpeg\" class=\"attachment-medium_large size-medium_large wp-image-14364\" alt=\"\" srcset=\"https:\/\/st-tropezvillas.fr\/wp-content\/uploads\/2024\/06\/image-768x515-1.jpeg 768w, https:\/\/st-tropezvillas.fr\/wp-content\/uploads\/2024\/06\/image-768x515-1-300x201.jpeg 300w\" sizes=\"(max-width: 750px) 100vw, 750px\" style=\"width:100%;height:67.06%;max-width:768px;\" \/><\/div><\/a>\n\t\t\t\t<div class=\"elementor-post__text\">\n\t\t\t\t<h3 class=\"elementor-post__title\">\n\t\t\t<a href=\"https:\/\/st-tropezvillas.fr\/fr\/rentals\/villa-paula\/\" >\n\t\t\t\tVilla Paula\t\t\t<\/a>\n\t\t<\/h3>\n\t\t\t\t<div class=\"elementor-post__excerpt\">\n\t\t\t<p>210m\u00b2 &#8211; 4 Chambres &#8211; \u20ac15,000<\/p>\n\t\t<\/div>\n\t\t\t\t<\/div>\n\t\t\t\t\t<\/div>\n\t\t<\/article>\n\t\t\t\t<article class=\"elementor-post elementor-grid-item post-14287 villas type-villas status-publish has-post-thumbnail hentry location-gassin amenities-gym amenities-pool amenities-sauna bedrooms-4-bedrooms entry\" role=\"listitem\">\n\t\t\t<div class=\"elementor-post__card\">\n\t\t\t\t<a class=\"elementor-post__thumbnail__link\" href=\"https:\/\/st-tropezvillas.fr\/fr\/rentals\/villa-tatiana\/\" tabindex=\"-1\" ><div class=\"elementor-post__thumbnail\"><img decoding=\"async\" width=\"750\" height=\"500\" src=\"https:\/\/st-tropezvillas.fr\/wp-content\/uploads\/2024\/06\/ff9af4_adf4093d5f204dab926c6624d5c9267emv2-copy-768x512.jpg\" class=\"attachment-medium_large size-medium_large wp-image-14284\" alt=\"\" srcset=\"https:\/\/st-tropezvillas.fr\/wp-content\/uploads\/2024\/06\/ff9af4_adf4093d5f204dab926c6624d5c9267emv2-copy-768x512.jpg 768w, https:\/\/st-tropezvillas.fr\/wp-content\/uploads\/2024\/06\/ff9af4_adf4093d5f204dab926c6624d5c9267emv2-copy-300x200.jpg 300w, https:\/\/st-tropezvillas.fr\/wp-content\/uploads\/2024\/06\/ff9af4_adf4093d5f204dab926c6624d5c9267emv2-copy.jpg 970w\" sizes=\"(max-width: 750px) 100vw, 750px\" style=\"width:100%;height:66.7%;max-width:970px;\" \/><\/div><\/a>\n\t\t\t\t<div class=\"elementor-post__text\">\n\t\t\t\t<h3 class=\"elementor-post__title\">\n\t\t\t<a href=\"https:\/\/st-tropezvillas.fr\/fr\/rentals\/villa-tatiana\/\" >\n\t\t\t\tVilla Tatiana\t\t\t<\/a>\n\t\t<\/h3>\n\t\t\t\t<div class=\"elementor-post__excerpt\">\n\t\t\t<p>395m\u00b2 &#8211; 4 Chambres &#8211; \u20ac7,000<\/p>\n\t\t<\/div>\n\t\t\t\t<\/div>\n\t\t\t\t\t<\/div>\n\t\t<\/article>\n\t\t\t\t<article class=\"elementor-post elementor-grid-item post-9643 villas type-villas status-publish has-post-thumbnail hentry location-ramatuelle amenities-helipad amenities-pool amenities-sauna amenities-sea-view amenities-staff bedrooms-4-bedrooms entry\" role=\"listitem\">\n\t\t\t<div class=\"elementor-post__card\">\n\t\t\t\t<a class=\"elementor-post__thumbnail__link\" href=\"https:\/\/st-tropezvillas.fr\/fr\/rentals\/villa-elyna\/\" tabindex=\"-1\" ><div class=\"elementor-post__thumbnail\"><img decoding=\"async\" width=\"750\" height=\"500\" src=\"https:\/\/st-tropezvillas.fr\/wp-content\/uploads\/2022\/09\/Villa-Elyna-27-e1662541283302-768x512.jpeg\" class=\"attachment-medium_large size-medium_large wp-image-7323\" alt=\"\" srcset=\"https:\/\/st-tropezvillas.fr\/wp-content\/uploads\/2022\/09\/Villa-Elyna-27-e1662541283302-768x512.jpeg 768w, https:\/\/st-tropezvillas.fr\/wp-content\/uploads\/2022\/09\/Villa-Elyna-27-e1662541283302-300x200.jpeg 300w, https:\/\/st-tropezvillas.fr\/wp-content\/uploads\/2022\/09\/Villa-Elyna-27-e1662541283302-1024x683.jpeg 1024w, https:\/\/st-tropezvillas.fr\/wp-content\/uploads\/2022\/09\/Villa-Elyna-27-e1662541283302-1536x1024.jpeg 1536w, https:\/\/st-tropezvillas.fr\/wp-content\/uploads\/2022\/09\/Villa-Elyna-27-e1662541283302-1568x1045.jpeg 1568w, https:\/\/st-tropezvillas.fr\/wp-content\/uploads\/2022\/09\/Villa-Elyna-27-e1662541283302.jpeg 1920w\" sizes=\"(max-width: 750px) 100vw, 750px\" style=\"width:100%;height:66.67%;max-width:1920px;\" \/><\/div><\/a>\n\t\t\t\t<div class=\"elementor-post__text\">\n\t\t\t\t<h3 class=\"elementor-post__title\">\n\t\t\t<a href=\"https:\/\/st-tropezvillas.fr\/fr\/rentals\/villa-elyna\/\" >\n\t\t\t\tVilla Elyna\t\t\t<\/a>\n\t\t<\/h3>\n\t\t\t\t<div class=\"elementor-post__excerpt\">\n\t\t\t<p>285m\u00b2 &#8211; 4 Chambres &#8211; POA<\/p>\n\t\t<\/div>\n\t\t\t\t<\/div>\n\t\t\t\t\t<\/div>\n\t\t<\/article>\n\t\t\t\t<\/div>\n\t\t\n\t\t\t\t\t\t<\/div>\n\t\t\t\t<\/div>\n\t\t\t\t\t<\/div>\n\t\t<\/div>\n\t\t\t\t\t<\/div>\n\t\t<\/section>\n\t\t\t\t<\/div>\n\t\t","protected":false},"excerpt":{"rendered":"<p>4 chambres \u00e0 coucher Location 4 Chambres Villas St Tropez D\u00e9couvrez le summum du luxe et du confort avec notre s\u00e9lection de villas de quatre chambres \u00e0 Saint-Tropez, propos\u00e9es exclusivement par St. Chaque villa est m\u00e9ticuleusement con\u00e7ue pour offrir une exp\u00e9rience de vie in\u00e9gal\u00e9e, alliant les \u00e9quipements modernes au charme intemporel de la C\u00f4te d&rsquo;Azur.&hellip; <a class=\"more-link\" href=\"https:\/\/st-tropezvillas.fr\/fr\/rentals\/villa-elyna\/\">Poursuivre la lecture <span class=\"screen-reader-text\">Villa Elyna<\/span><\/a><\/p>\n","protected":false},"author":2,"featured_media":13266,"parent":0,"menu_order":0,"comment_status":"closed","ping_status":"closed","template":"elementor_header_footer","meta":{"content-type":"","footnotes":""},"class_list":["post-13955","page","type-page","status-publish","has-post-thumbnail","hentry","entry"],"yoast_head":"<!-- This site is optimized with the Yoast SEO plugin v25.6 - https:\/\/yoast.com\/wordpress\/plugins\/seo\/ -->\n<title>4 Chambres Villas St Tropez - St. Tropez Villas<\/title>\n<meta name=\"description\" content=\"D\u00e9couvrez votre prochaine location de villa de luxe 4 chambres \u00e0 St Tropez pour les vacances d&#039;\u00e9t\u00e9 et louez une maison \u00e0 St Tropez avec des amis.\" \/>\n<meta name=\"robots\" content=\"index, follow, max-snippet:-1, max-image-preview:large, max-video-preview:-1\" \/>\n<meta property=\"og:locale\" content=\"fr_FR\" \/>\n<meta property=\"og:type\" content=\"article\" \/>\n<meta property=\"og:title\" content=\"4 Chambres Villas St Tropez - St. Tropez Villas\" \/>\n<meta property=\"og:description\" content=\"D\u00e9couvrez votre prochaine location de villa de luxe 4 chambres \u00e0 St Tropez pour les vacances d&#039;\u00e9t\u00e9 et louez une maison \u00e0 St Tropez avec des amis.\" \/>\n<meta property=\"og:url\" content=\"https:\/\/st-tropezvillas.fr\/fr\/4-chambres\/\" \/>\n<meta property=\"og:site_name\" content=\"St. Tropez Villas\" \/>\n<meta property=\"article:modified_time\" content=\"2024-05-19T10:35:58+00:00\" \/>\n<meta property=\"og:image\" content=\"https:\/\/st-tropezvillas.fr\/wp-content\/uploads\/2024\/04\/B31I2522.jpeg\" \/>\n\t<meta property=\"og:image:width\" content=\"2500\" \/>\n\t<meta property=\"og:image:height\" content=\"1667\" \/>\n\t<meta property=\"og:image:type\" content=\"image\/jpeg\" \/>\n<meta name=\"twitter:card\" content=\"summary_large_image\" \/>\n<meta name=\"twitter:label1\" content=\"Dur\u00e9e de lecture estim\u00e9e\" \/>\n\t<meta name=\"twitter:data1\" content=\"1 minute\" \/>\n<script type=\"application\/ld+json\" class=\"yoast-schema-graph\">{\"@context\":\"https:\/\/schema.org\",\"@graph\":[{\"@type\":\"WebPage\",\"@id\":\"https:\/\/st-tropezvillas.fr\/fr\/4-chambres\/\",\"url\":\"https:\/\/st-tropezvillas.fr\/fr\/4-chambres\/\",\"name\":\"4 Chambres Villas St Tropez - St. Tropez Villas\",\"isPartOf\":{\"@id\":\"https:\/\/st-tropezvillas.fr\/fr\/#website\"},\"primaryImageOfPage\":{\"@id\":\"https:\/\/st-tropezvillas.fr\/fr\/4-chambres\/#primaryimage\"},\"image\":{\"@id\":\"https:\/\/st-tropezvillas.fr\/fr\/4-chambres\/#primaryimage\"},\"thumbnailUrl\":\"https:\/\/st-tropezvillas.fr\/wp-content\/uploads\/2024\/04\/B31I2522.jpeg\",\"datePublished\":\"2024-05-19T10:33:31+00:00\",\"dateModified\":\"2024-05-19T10:35:58+00:00\",\"description\":\"D\u00e9couvrez votre prochaine location de villa de luxe 4 chambres \u00e0 St Tropez pour les vacances d'\u00e9t\u00e9 et louez une maison \u00e0 St Tropez avec des amis.\",\"breadcrumb\":{\"@id\":\"https:\/\/st-tropezvillas.fr\/fr\/4-chambres\/#breadcrumb\"},\"inLanguage\":\"fr-FR\",\"potentialAction\":[{\"@type\":\"ReadAction\",\"target\":[\"https:\/\/st-tropezvillas.fr\/fr\/4-chambres\/\"]}]},{\"@type\":\"ImageObject\",\"inLanguage\":\"fr-FR\",\"@id\":\"https:\/\/st-tropezvillas.fr\/fr\/4-chambres\/#primaryimage\",\"url\":\"https:\/\/st-tropezvillas.fr\/wp-content\/uploads\/2024\/04\/B31I2522.jpeg\",\"contentUrl\":\"https:\/\/st-tropezvillas.fr\/wp-content\/uploads\/2024\/04\/B31I2522.jpeg\",\"width\":2500,\"height\":1667},{\"@type\":\"BreadcrumbList\",\"@id\":\"https:\/\/st-tropezvillas.fr\/fr\/4-chambres\/#breadcrumb\",\"itemListElement\":[{\"@type\":\"ListItem\",\"position\":1,\"name\":\"Home\",\"item\":\"https:\/\/st-tropezvillas.fr\/fr\/\"},{\"@type\":\"ListItem\",\"position\":2,\"name\":\"4 chambres\"}]},{\"@type\":\"WebSite\",\"@id\":\"https:\/\/st-tropezvillas.fr\/fr\/#website\",\"url\":\"https:\/\/st-tropezvillas.fr\/fr\/\",\"name\":\"St. Tropez Villas\",\"description\":\"St. Tropez Villas Rental\",\"publisher\":{\"@id\":\"https:\/\/st-tropezvillas.fr\/fr\/#organization\"},\"alternateName\":\"STV\",\"potentialAction\":[{\"@type\":\"SearchAction\",\"target\":{\"@type\":\"EntryPoint\",\"urlTemplate\":\"https:\/\/st-tropezvillas.fr\/fr\/?s={search_term_string}\"},\"query-input\":{\"@type\":\"PropertyValueSpecification\",\"valueRequired\":true,\"valueName\":\"search_term_string\"}}],\"inLanguage\":\"fr-FR\"},{\"@type\":\"Organization\",\"@id\":\"https:\/\/st-tropezvillas.fr\/fr\/#organization\",\"name\":\"St. Tropez Villas\",\"url\":\"https:\/\/st-tropezvillas.fr\/fr\/\",\"logo\":{\"@type\":\"ImageObject\",\"inLanguage\":\"fr-FR\",\"@id\":\"https:\/\/st-tropezvillas.fr\/fr\/#\/schema\/logo\/image\/\",\"url\":\"\",\"contentUrl\":\"\",\"caption\":\"St. Tropez Villas\"},\"image\":{\"@id\":\"https:\/\/st-tropezvillas.fr\/fr\/#\/schema\/logo\/image\/\"}}]}<\/script>\n<!-- \/ Yoast SEO plugin. -->","yoast_head_json":{"title":"4 Chambres Villas St Tropez - St. Tropez Villas","description":"D\u00e9couvrez votre prochaine location de villa de luxe 4 chambres \u00e0 St Tropez pour les vacances d'\u00e9t\u00e9 et louez une maison \u00e0 St Tropez avec des amis.","robots":{"index":"index","follow":"follow","max-snippet":"max-snippet:-1","max-image-preview":"max-image-preview:large","max-video-preview":"max-video-preview:-1"},"og_locale":"fr_FR","og_type":"article","og_title":"4 Chambres Villas St Tropez - St. Tropez Villas","og_description":"D\u00e9couvrez votre prochaine location de villa de luxe 4 chambres \u00e0 St Tropez pour les vacances d'\u00e9t\u00e9 et louez une maison \u00e0 St Tropez avec des amis.","og_url":"https:\/\/st-tropezvillas.fr\/fr\/4-chambres\/","og_site_name":"St. Tropez Villas","article_modified_time":"2024-05-19T10:35:58+00:00","og_image":[{"width":2500,"height":1667,"url":"https:\/\/st-tropezvillas.fr\/wp-content\/uploads\/2024\/04\/B31I2522.jpeg","type":"image\/jpeg"}],"twitter_card":"summary_large_image","twitter_misc":{"Dur\u00e9e de lecture estim\u00e9e":"1 minute"},"schema":{"@context":"https:\/\/schema.org","@graph":[{"@type":"WebPage","@id":"https:\/\/st-tropezvillas.fr\/fr\/4-chambres\/","url":"https:\/\/st-tropezvillas.fr\/fr\/4-chambres\/","name":"4 Chambres Villas St Tropez - St. Tropez Villas","isPartOf":{"@id":"https:\/\/st-tropezvillas.fr\/fr\/#website"},"primaryImageOfPage":{"@id":"https:\/\/st-tropezvillas.fr\/fr\/4-chambres\/#primaryimage"},"image":{"@id":"https:\/\/st-tropezvillas.fr\/fr\/4-chambres\/#primaryimage"},"thumbnailUrl":"https:\/\/st-tropezvillas.fr\/wp-content\/uploads\/2024\/04\/B31I2522.jpeg","datePublished":"2024-05-19T10:33:31+00:00","dateModified":"2024-05-19T10:35:58+00:00","description":"D\u00e9couvrez votre prochaine location de villa de luxe 4 chambres \u00e0 St Tropez pour les vacances d'\u00e9t\u00e9 et louez une maison \u00e0 St Tropez avec des amis.","breadcrumb":{"@id":"https:\/\/st-tropezvillas.fr\/fr\/4-chambres\/#breadcrumb"},"inLanguage":"fr-FR","potentialAction":[{"@type":"ReadAction","target":["https:\/\/st-tropezvillas.fr\/fr\/4-chambres\/"]}]},{"@type":"ImageObject","inLanguage":"fr-FR","@id":"https:\/\/st-tropezvillas.fr\/fr\/4-chambres\/#primaryimage","url":"https:\/\/st-tropezvillas.fr\/wp-content\/uploads\/2024\/04\/B31I2522.jpeg","contentUrl":"https:\/\/st-tropezvillas.fr\/wp-content\/uploads\/2024\/04\/B31I2522.jpeg","width":2500,"height":1667},{"@type":"BreadcrumbList","@id":"https:\/\/st-tropezvillas.fr\/fr\/4-chambres\/#breadcrumb","itemListElement":[{"@type":"ListItem","position":1,"name":"Home","item":"https:\/\/st-tropezvillas.fr\/fr\/"},{"@type":"ListItem","position":2,"name":"4 chambres"}]},{"@type":"WebSite","@id":"https:\/\/st-tropezvillas.fr\/fr\/#website","url":"https:\/\/st-tropezvillas.fr\/fr\/","name":"St. Tropez Villas","description":"St. Tropez Villas Rental","publisher":{"@id":"https:\/\/st-tropezvillas.fr\/fr\/#organization"},"alternateName":"STV","potentialAction":[{"@type":"SearchAction","target":{"@type":"EntryPoint","urlTemplate":"https:\/\/st-tropezvillas.fr\/fr\/?s={search_term_string}"},"query-input":{"@type":"PropertyValueSpecification","valueRequired":true,"valueName":"search_term_string"}}],"inLanguage":"fr-FR"},{"@type":"Organization","@id":"https:\/\/st-tropezvillas.fr\/fr\/#organization","name":"St. Tropez Villas","url":"https:\/\/st-tropezvillas.fr\/fr\/","logo":{"@type":"ImageObject","inLanguage":"fr-FR","@id":"https:\/\/st-tropezvillas.fr\/fr\/#\/schema\/logo\/image\/","url":"","contentUrl":"","caption":"St. Tropez Villas"},"image":{"@id":"https:\/\/st-tropezvillas.fr\/fr\/#\/schema\/logo\/image\/"}}]}},"distributor_meta":false,"distributor_terms":false,"distributor_media":false,"distributor_original_site_name":"St. Tropez Villas","distributor_original_site_url":"https:\/\/st-tropezvillas.fr\/fr\/","push-errors":false,"_links":{"self":[{"href":"https:\/\/st-tropezvillas.fr\/fr\/wp-json\/wp\/v2\/pages\/13955"}],"collection":[{"href":"https:\/\/st-tropezvillas.fr\/fr\/wp-json\/wp\/v2\/pages"}],"about":[{"href":"https:\/\/st-tropezvillas.fr\/fr\/wp-json\/wp\/v2\/types\/page"}],"author":[{"embeddable":true,"href":"https:\/\/st-tropezvillas.fr\/fr\/wp-json\/wp\/v2\/users\/2"}],"replies":[{"embeddable":true,"href":"https:\/\/st-tropezvillas.fr\/fr\/wp-json\/wp\/v2\/comments?post=13955"}],"version-history":[{"count":1,"href":"https:\/\/st-tropezvillas.fr\/fr\/wp-json\/wp\/v2\/pages\/13955\/revisions"}],"predecessor-version":[{"id":13956,"href":"https:\/\/st-tropezvillas.fr\/fr\/wp-json\/wp\/v2\/pages\/13955\/revisions\/13956"}],"wp:featuredmedia":[{"embeddable":true,"href":"https:\/\/st-tropezvillas.fr\/fr\/wp-json\/wp\/v2\/media\/13266"}],"wp:attachment":[{"href":"https:\/\/st-tropezvillas.fr\/fr\/wp-json\/wp\/v2\/media?parent=13955"}],"curies":[{"name":"wp","href":"https:\/\/api.w.org\/{rel}","templated":true}]}}